{"id":74,"date":"2015-09-18T11:51:24","date_gmt":"2015-09-18T11:51:24","guid":{"rendered":"http:\/\/cargo.omnicom-dev.com\/transport-company\/?page_id=74"},"modified":"2020-11-18T22:53:59","modified_gmt":"2020-11-18T22:53:59","slug":"logistica","status":"publish","type":"page","link":"http:\/\/gscorporacion.com\/us\/servicios\/logistica\/","title":{"rendered":"Logistics"},"content":{"rendered":"<div class=\"bt_rc_container\"><section id=\"bt_section69f5e780c6e9c\" data-parallax=\"0.1\" data-parallax-offset=\"-50\" class=\"boldSection topExtraSpaced bottomExtraSmallSpaced btDarkSkin gutter btMiddleVertical btParallax wBackground cover\" style=\"background-image:url('http:\/\/gscorporacion.com\/us\/wp-content\/uploads\/2020\/09\/bnr-logistica.jpg');\"><div class=\"port\"><div class=\"boldCell\"><div class=\"boldCellInner\"><div class=\"boldRow \" ><div class=\"rowItem col-md-12 col-ms-12  btTextLeft animate animate-fadein animate-moveleft inherit\"  ><div class=\"rowItemContent\"><header class=\"header btClear extralarge btDash bottomDash  btAccentDash btRegularTitle\" style=\"max-width: 800px;\"><div class=\"dash\"><h1><span class=\"headline\">Logistics<\/span><\/h1><\/div><\/header><\/div><\/div><\/div><\/div><\/div><\/div><\/section><section id=\"bt_section69f5e780c70be\"  class=\"boldSection topSpaced bottomSemiSpaced gutter inherit\" ><div class=\"port\"><div class=\"boldCell\"><div class=\"boldCellInner\"><div class=\"boldRow \" ><div class=\"rowItem col-md-9 col-ms-12  btTextLeft\"  ><div class=\"rowItemContent\"><div class=\"slided smallSliderHeight btSliderHideArrows\"  data-slick='{\"autoplay\":true,\"autoplaySpeed\":3000,\"pauseOnHover\":false,\"pauseOnDotsHover\":true}'><div class=\"slidedItem firstItem\"  data-thumb=\"http:\/\/gscorporacion.com\/us\/wp-content\/uploads\/2020\/09\/almacenaje-2-320x214.jpg\"><div class=\"btSliderPort wBackground cover\" style=\"background-image: url('http:\/\/gscorporacion.com\/us\/wp-content\/uploads\/2020\/09\/almacenaje-2.jpg')\"><div class=\"btSliderCell\" data-slick=\"yes\"><div class=\"btSlideGutter\"><div class=\"btSlidePane\"><\/div><\/div><\/div><\/div><\/div><div class=\"slidedItem firstItem\"  data-thumb=\"http:\/\/gscorporacion.com\/us\/wp-content\/uploads\/2020\/09\/logistica-1-320x214.jpg\"><div class=\"btSliderPort wBackground cover\" style=\"background-image: url('http:\/\/gscorporacion.com\/us\/wp-content\/uploads\/2020\/09\/logistica-1.jpg')\"><div class=\"btSliderCell\" data-slick=\"yes\"><div class=\"btSlideGutter\"><div class=\"btSlidePane\"><\/div><\/div><\/div><\/div><\/div><div class=\"slidedItem firstItem\"  data-thumb=\"http:\/\/gscorporacion.com\/us\/wp-content\/uploads\/2015\/09\/shutterstock_177975590-320x213.jpg\"><div class=\"btSliderPort wBackground cover\" style=\"background-image: url('http:\/\/gscorporacion.com\/us\/wp-content\/uploads\/2015\/09\/shutterstock_177975590.jpg')\"><div class=\"btSliderCell\" data-slick=\"yes\"><div class=\"btSlideGutter\"><div class=\"btSlidePane\"><\/div><\/div><\/div><\/div><\/div><\/div><div class=\"btClear btSeparator topSmallSpaced noBorder\" ><hr><\/div><div class=\"btText\"><p align=\"left\">We offer a comprehensive process coordinating in all aspects related to the supply chain from <strong>land transport<\/strong>, <strong>maritime<\/strong> and <strong>customs processing<\/strong>, always thinking of supporting our clients&#8217; process through experience and trust.<\/p>\n<p align=\"left\">For your logistics process we have:<\/p>\n<\/div><div class=\"btClear btSeparator topSmallSpaced noBorder\" ><hr><\/div><div class=\"btText\"><ul>\n<li>Ground transportation services in various modalities.<\/li>\n<li>Warehouses and maneuvering yards that will allow efficient times and safeguards of your merchandise, as well as Cross dock processes.<\/li>\n<li>Legal and specialized advice on international trade issues, as well as processes related to certificates of origin.<\/li>\n<li>Customs agency service for import and export of various materials.<\/li>\n<li>Consolidation of merchandise.<\/li>\n<li>Among others.<\/li>\n<\/ul>\n<\/div><div class=\"bpgPhoto btTextCenter\" ><div class=\"btImage\"><img src=\"http:\/\/gscorporacion.com\/us\/wp-content\/uploads\/2020\/10\/logistics.png\" alt=\"\"><\/div><\/div><\/div><\/div><div class=\"rowItem col-md-3 col-sm-6 col-ms-12 btTextLeft inherit btDoublePadding custom_item_hidden_mobile\"  ><div class=\"rowItemContent\"><header class=\"header btClear small  btAccentDash btRegularTitle\" ><div class=\"dash\"><h4><span class=\"headline\">MORE SERVICES<\/span><\/h4><\/div><\/header><div class=\"btCustomMenu \" ><div class=\"menu-services-menu-container\"><ul id=\"menu-services-menu\" class=\"menu\"><li id=\"menu-item-1150\" class=\"menu-item menu-item-type-post_type menu-item-object-page menu-item-1150\"><a title=\"\t\t\t\t\t\t\" href=\"http:\/\/gscorporacion.com\/us\/servicios\/logistica\/\">Logistics<\/a><\/li><li id=\"menu-item-1151\" class=\"menu-item menu-item-type-post_type menu-item-object-page menu-item-1151\"><a title=\"\t\t\t\t\t\t\" href=\"http:\/\/gscorporacion.com\/us\/servicios\/agencia-aduanal\/\">Customs Broker<\/a><\/li><li id=\"menu-item-2137\" class=\"menu-item menu-item-type-post_type menu-item-object-page menu-item-2137\"><a href=\"http:\/\/gscorporacion.com\/us\/servicios\/transporte\/\">Transportation<\/a><\/li><li id=\"menu-item-1149\" class=\"menu-item menu-item-type-post_type menu-item-object-page menu-item-1149\"><a title=\"\t\t\t\t\t\t\" href=\"http:\/\/gscorporacion.com\/us\/servicios\/almacenaje\/\">Storage<\/a><\/li><li id=\"menu-item-2127\" class=\"menu-item menu-item-type-post_type menu-item-object-page menu-item-2127\"><a href=\"http:\/\/gscorporacion.com\/us\/servicios\/comercializadora\/\">Commerce<\/a><\/li><li id=\"menu-item-1152\" class=\"menu-item menu-item-type-post_type menu-item-object-page menu-item-1152\"><a title=\"\t\t\t\t\t\t\" href=\"http:\/\/gscorporacion.com\/us\/servicios\/mensajeria-y-paqueteria\/\">Shipping and Packaging<\/a><\/li><li id=\"menu-item-2141\" class=\"menu-item menu-item-type-post_type menu-item-object-page menu-item-2141\"><a href=\"http:\/\/gscorporacion.com\/us\/servicios\/po-box-y-direccion-en-ee-uu\/\">P.O. Box in the US<\/a><\/li>\n<\/ul><\/div><\/div><div class=\"btClear btSeparator topSemiSpaced noBorder semarketing_item_hidden\" ><hr><\/div><header class=\"header btClear small semarketing_item_hidden btAccentDash btRegularTitle\" ><p class=\"btSuperTitle\">Descarga la<\/p><div class=\"dash\"><h4><span class=\"headline\">FICHA DEL SERVICIO<\/span><\/h4><\/div><\/header><div class=\"btBtn btBtn btnOutline btnIconLeftPosition btnLightColor btnSmall btnFull semarketing_item_hidden btnIco\" ><div class=\"btIco borderless extrasmall\"><a href=\"http:\/\/http:\/\/www.google.com\"  target=\"_blank\"  data-ico-fa=\"&#xf1c1;\" class=\"btIcoHolder\"><span>Service Brochure<\/span><\/a><\/div><\/div><div class=\"btClear btSeparator topSpaced noBorder\" ><hr><\/div><header class=\"header btClear small  btAccentDash btRegularTitle\" ><div class=\"dash\"><h4><span class=\"headline\">CONTACT US<\/span><\/h4><\/div><\/header><div class=\"btIconImageRow\" ><div class=\"btIco borderless extrasmall\"><a href=\"tel:+528999211917\"  target=\"_self\"  data-ico-fa=\"&#xf098;\" class=\"btIcoHolder\"><span>Phone:<\/span><\/a><\/div><\/div><div class=\"btText\"><h4><strong><a class=\"btIcoHolder\" style=\"color: #0b60a9;\" href=\"tel:+528999211917\" target=\"_self\" rel=\"noopener noreferrer\">(899)921.1917<\/a><\/strong><\/h4>\n<\/div><div class=\"btIconImageRow\" ><div class=\"btIco borderless extrasmall\"><a href=\"mailto:%20contacto@gscorporacion.com\"  target=\"no_target\"  data-ico-fa=\"&#xf0e0;\" class=\"btIcoHolder\"><span>Email: contacto@gscorporacion.com<\/span><\/a><\/div><\/div><div class=\"btClear btSeparator topSmallSpaced noBorder\" ><hr><\/div><\/div><\/div><\/div><div class=\"boldRow \" ><div class=\"rowItem col-md-12 col-ms-12  btTextLeft\"  ><div class=\"rowItemContent\"><\/div><\/div><\/div><\/div><\/div><\/div><\/section><section id=\"bt_section69f5e780c943b\"  class=\"boldSection btDarkSkin gutter inherit\" style=\"background-color:#00b63e;\"><div class=\"port\"><div class=\"boldCell\"><div class=\"boldCellInner\"><div class=\"boldRow \" ><div class=\"rowItem col-md-12 col-ms-12  btTextLeft\"  ><div class=\"rowItemContent\"><div class=\"btClear btSeparator topSmallSpaced bottomSmallSpaced noBorder\" ><hr><\/div><\/div><\/div><\/div><div class=\"boldRow \" ><div class=\"rowItem col-sm-6 col-ms-12 btTextCenter animate animate-fadein animate-moveright btMiddleVertical\"  ><div class=\"rowItemContent\"><header class=\"header btClear medium  btAccentDash btRegularTitle\" ><p class=\"btSuperTitle\">Do you want more information about our services?<\/p><div class=\"dash\"><h3><span class=\"headline\">Send us a WhatsApp message<\/span><\/h3><\/div><\/header><\/div><\/div><div class=\"rowItem col-sm-6 col-ms-12 btTextCenter animate animate-fadein animate-moveleft btMiddleVertical\"  ><div class=\"rowItemContent\"><div class=\"btBtn btBtn btnFilled btnIconLeftPosition btnLightColor btnBig btnNormal custom_btn_wa btnIco\" ><div class=\"btIco borderless extrasmall\"><a href=\"https:\/\/api.whatsapp.com\/send?phone=528994708950&amp;text=Me%20gustar\u00eda%20recibir%20m\u00e1s%20informaci\u00f3n\"  target=\"_blank\"  data-ico-fa=\"&#xf232;\" class=\"btIcoHolder\"><span>(899) 470.8950<\/span><\/a><\/div><\/div><\/div><\/div><\/div><div class=\"boldRow \" ><div class=\"rowItem col-md-12 col-ms-12  btTextLeft\"  ><div class=\"rowItemContent\"><div class=\"btClear btSeparator topSmallSpaced bottomSmallSpaced noBorder\" ><hr><\/div><\/div><\/div><\/div><\/div><\/div><\/div><\/section><\/div>","protected":false},"excerpt":{"rendered":"","protected":false},"author":1,"featured_media":0,"parent":56,"menu_order":0,"comment_status":"closed","ping_status":"closed","template":"","meta":[],"_links":{"self":[{"href":"http:\/\/gscorporacion.com\/us\/wp-json\/wp\/v2\/pages\/74"}],"collection":[{"href":"http:\/\/gscorporacion.com\/us\/wp-json\/wp\/v2\/pages"}],"about":[{"href":"http:\/\/gscorporacion.com\/us\/wp-json\/wp\/v2\/types\/page"}],"author":[{"embeddable":true,"href":"http:\/\/gscorporacion.com\/us\/wp-json\/wp\/v2\/users\/1"}],"replies":[{"embeddable":true,"href":"http:\/\/gscorporacion.com\/us\/wp-json\/wp\/v2\/comments?post=74"}],"version-history":[{"count":49,"href":"http:\/\/gscorporacion.com\/us\/wp-json\/wp\/v2\/pages\/74\/revisions"}],"predecessor-version":[{"id":3227,"href":"http:\/\/gscorporacion.com\/us\/wp-json\/wp\/v2\/pages\/74\/revisions\/3227"}],"up":[{"embeddable":true,"href":"http:\/\/gscorporacion.com\/us\/wp-json\/wp\/v2\/pages\/56"}],"wp:attachment":[{"href":"http:\/\/gscorporacion.com\/us\/wp-json\/wp\/v2\/media?parent=74"}],"curies":[{"name":"wp","href":"https:\/\/api.w.org\/{rel}","templated":true}]}}