{"id":62,"date":"2015-09-18T11:45:35","date_gmt":"2015-09-18T11:45:35","guid":{"rendered":"http:\/\/cargo.omnicom-dev.com\/transport-company\/?page_id=62"},"modified":"2020-11-18T22:52:16","modified_gmt":"2020-11-18T22:52:16","slug":"contacto","status":"publish","type":"page","link":"http:\/\/gscorporacion.com\/us\/contacto\/","title":{"rendered":"Contact"},"content":{"rendered":"<div class=\"bt_rc_container\"><section id=\"bt_section69f5e789a5af6\" data-parallax=\"0.1\" data-parallax-offset=\"-50\" class=\"boldSection topExtraSpaced bottomExtraSmallSpaced btDarkSkin gutter btMiddleVertical btParallax wBackground cover\" style=\"background-image:url('http:\/\/gscorporacion.com\/us\/wp-content\/uploads\/2020\/09\/bnr-contacto.jpg');\"><div class=\"port\"><div class=\"boldCell\"><div class=\"boldCellInner\"><div class=\"boldRow \" ><div class=\"rowItem col-md-12 col-ms-12  btTextLeft animate animate-fadein animate-moveleft inherit\"  ><div class=\"rowItemContent\"><header class=\"header btClear extralarge btDash bottomDash  btAccentDash btRegularTitle\" style=\"max-width: 800px;\"><div class=\"dash\"><h1><span class=\"headline\">Contact Us<\/span><\/h1><\/div><\/header><\/div><\/div><\/div><\/div><\/div><\/div><\/section><section id=\"bt_section69f5e789a5de5\"  class=\"boldSection topSpaced btLightSkin gutter inherit\" ><div class=\"port\"><div class=\"boldCell\"><div class=\"boldCellInner\"><div class=\"boldRow \" ><div class=\"rowItem col-sm-4 col-ms-12 btTextCenter inherit btDoublePadding\"  ><div class=\"rowItemContent\"><div class=\"btText\"><h5><strong>Do you have a business project that requires logistics services?<\/strong><\/h5>\n<\/div><div class=\"btClear btSeparator topSmallSpaced noBorder\" ><hr><\/div><div class=\"btText\"><h4><span style=\"color: #0065b7;\">Call us, send us a message or chat with us!<\/span><\/h4>\n<\/div><div class=\"btClear btSeparator topSmallSpaced noBorder\" ><hr><\/div><div class=\"btBtn btBtn btnOutline btnIconLeftPosition btnAccentColor btnBig btnNormal custom_wa_btn btnIco\" ><div class=\"btIco borderless extrasmall\"><a href=\"https:\/\/api.whatsapp.com\/send?phone=528994708950&amp;text=Me%20gustar\u00eda%20recibir%20m\u00e1s%20informaci\u00f3n\"  target=\"_blank\"  data-ico-fa=\"&#xf232;\" class=\"btIcoHolder\"><span>Contact us on WhatsApp<\/span><\/a><\/div><\/div><div class=\"btClear btSeparator topSemiSpaced noBorder\" ><hr><\/div><div class=\"servicesItem  mediumIcon accentIconType \"><div class=\"sIcon\"><div class=\"btIco medium accent\"><a href=\"#\"  data-ico-s7=\"&#xe6b5;\" class=\"btIcoHolder\"><\/a><\/div><\/div><div class=\"sTxt\"><header class=\"header btClear extrasmall\" ><div class=\"dash\"><h4><span class=\"headline\">CONTACT US<\/span><\/h4><\/div><\/header><p>Phone: (899) 921.1917\r<br>WhatsApp: (899) 470.8950\r<br>Email: contacto@gscorporacion.com<br><\/p><\/div><\/div><div class=\"btClear btSeparator topSemiSpaced noBorder\" ><hr><\/div><\/div><\/div><div class=\"rowItem col-md-8 col-ms-12  btTextLeft inherit btDoublePadding\"  ><div class=\"rowItemContent\"><div class=\"btText\"><div role=\"form\" class=\"wpcf7\" id=\"wpcf7-f6-o1\" lang=\"es-MX\" dir=\"ltr\">\n<div class=\"screen-reader-response\">\n<p role=\"status\" aria-live=\"polite\" aria-atomic=\"true\">\n<ul><\/ul>\n<\/div>\n<form action=\"\/us\/wp-json\/wp\/v2\/pages\/62#wpcf7-f6-o1\" method=\"post\" class=\"wpcf7-form init\" novalidate=\"novalidate\" data-status=\"init\">\n<div style=\"display: none;\">\n<input type=\"hidden\" name=\"_wpcf7\" value=\"6\" \/><br \/>\n<input type=\"hidden\" name=\"_wpcf7_version\" value=\"5.6.3\" \/><br \/>\n<input type=\"hidden\" name=\"_wpcf7_locale\" value=\"es_MX\" \/><br \/>\n<input type=\"hidden\" name=\"_wpcf7_unit_tag\" value=\"wpcf7-f6-o1\" \/><br \/>\n<input type=\"hidden\" name=\"_wpcf7_container_post\" value=\"0\" \/><br \/>\n<input type=\"hidden\" name=\"_wpcf7_posted_data_hash\" value=\"\" \/><br \/>\n<input type=\"hidden\" name=\"_wpcf7_recaptcha_response\" value=\"\" \/>\n<\/div>\n<p><label> Name *<br \/>\n    <span class=\"wpcf7-form-control-wrap\" data-name=\"your-name\"><input type=\"text\" name=\"your-name\" value=\"\" size=\"40\" class=\"wpcf7-form-control wpcf7-text wpcf7-validates-as-required\" aria-required=\"true\" aria-invalid=\"false\" \/><\/span> <\/label><\/p>\n<p><label> Email *<br \/>\n    <span class=\"wpcf7-form-control-wrap\" data-name=\"your-email\"><input type=\"email\" name=\"your-email\" value=\"\" size=\"40\" class=\"wpcf7-form-control wpcf7-text wpcf7-email wpcf7-validates-as-required wpcf7-validates-as-email\" aria-required=\"true\" aria-invalid=\"false\" \/><\/span> <\/label><\/p>\n<p><label> Topic<br \/>\n    <span class=\"wpcf7-form-control-wrap\" data-name=\"your-subject\"><input type=\"text\" name=\"your-subject\" value=\"\" size=\"40\" class=\"wpcf7-form-control wpcf7-text\" aria-invalid=\"false\" \/><\/span> <\/label><\/p>\n<p><label> Message or Comment *<br \/>\n    <span class=\"wpcf7-form-control-wrap\" data-name=\"your-message\"><textarea name=\"your-message\" cols=\"40\" rows=\"3\" class=\"wpcf7-form-control wpcf7-textarea wpcf7-validates-as-required\" aria-required=\"true\" aria-invalid=\"false\"><\/textarea><\/span> <\/label><\/p>\n<p><label><\/p>\n<div style=\"float:right;\">\n<span class=\"wpcf7-form-control-wrap recaptcha\" data-name=\"recaptcha\"><span data-sitekey=\"6Lexm90ZAAAAAHTDUudo0Y4gGh7-0hRwqHF1FPvs\" class=\"wpcf7-form-control g-recaptcha wpcf7-recaptcha\"><\/span><br \/>\n<noscript><\/p>\n<div class=\"grecaptcha-noscript\">\n\t\t<iframe src=\"https:\/\/www.google.com\/recaptcha\/api\/fallback?k=6Lexm90ZAAAAAHTDUudo0Y4gGh7-0hRwqHF1FPvs\" frameborder=\"0\" scrolling=\"no\" width=\"310\" height=\"430\"><br \/>\n\t\t<\/iframe><br \/>\n\t\t<textarea name=\"g-recaptcha-response\" rows=\"3\" cols=\"40\" placeholder=\"Aqu\u00ed la respuesta de reCAPTCHA\"><br \/>\n\t\t<\/textarea>\n\t<\/div>\n<p><\/noscript><br \/>\n<\/span>\n<\/div>\n<p><\/label><\/p>\n<p><input type=\"submit\" value=\"Send\" class=\"wpcf7-form-control has-spinner wpcf7-submit\" \/><\/p>\n<div class=\"wpcf7-response-output\" aria-hidden=\"true\"><\/div>\n<\/form>\n<\/div>\n<\/div><\/div><\/div><\/div><\/div><\/div><\/div><\/section><section id=\"bt_section69f5e789a7212\"  class=\"boldSection topSemiSpaced gutter inherit\" ><div class=\"port\"><div class=\"boldCell\"><div class=\"boldCellInner\"><div class=\"boldRow \" ><div class=\"rowItem col-sm-4 col-ms-12 btTextLeft\"  ><div class=\"rowItemContent\"><div class=\"bpgPhoto btTextCenter\" ><div class=\"btImage\"><img src=\"http:\/\/gscorporacion.com\/us\/wp-content\/uploads\/2020\/09\/ventas-gscorporacion.jpg\" alt=\"ventas-gscorporacion.jpg\"><\/div><\/div><div class=\"btClear btSeparator topSemiSpaced noBorder\" ><hr><\/div><\/div><\/div><div class=\"rowItem col-sm-4 col-ms-12 btTextLeft\"  ><div class=\"rowItemContent\"><div class=\"bpgPhoto btTextCenter\" ><div class=\"btImage\"><img src=\"http:\/\/gscorporacion.com\/us\/wp-content\/uploads\/2020\/09\/letras-gscorporacion.jpg\" alt=\"letras-gscorporacion.jpg\"><\/div><\/div><div class=\"btClear btSeparator topSemiSpaced noBorder\" ><hr><\/div><\/div><\/div><div class=\"rowItem col-sm-4 col-ms-12 btTextLeft\"  ><div class=\"rowItemContent\"><div class=\"bpgPhoto btTextCenter\" ><div class=\"btImage\"><img src=\"http:\/\/gscorporacion.com\/us\/wp-content\/uploads\/2020\/09\/equipo-gsaduanal.jpg\" alt=\"equipo-gsaduanal.jpg\"><\/div><\/div><\/div><\/div><\/div><\/div><\/div><\/div><\/section><section id=\"bt_section69f5e789a7e1d\"  class=\"boldSection gutter\" ><div class=\"port\"><div class=\"boldCell\"><div class=\"boldCellInner\"><div class=\"boldRow \" ><div class=\"rowItem col-md-12 col-ms-12  btTextLeft\"  ><div class=\"rowItemContent\"><div class=\"btClear btSeparator bottomSpaced noBorder\" ><hr><\/div><\/div><\/div><\/div><\/div><\/div><\/div><\/section><\/div>","protected":false},"excerpt":{"rendered":"","protected":false},"author":1,"featured_media":0,"parent":0,"menu_order":0,"comment_status":"closed","ping_status":"closed","template":"","meta":[],"_links":{"self":[{"href":"http:\/\/gscorporacion.com\/us\/wp-json\/wp\/v2\/pages\/62"}],"collection":[{"href":"http:\/\/gscorporacion.com\/us\/wp-json\/wp\/v2\/pages"}],"about":[{"href":"http:\/\/gscorporacion.com\/us\/wp-json\/wp\/v2\/types\/page"}],"author":[{"embeddable":true,"href":"http:\/\/gscorporacion.com\/us\/wp-json\/wp\/v2\/users\/1"}],"replies":[{"embeddable":true,"href":"http:\/\/gscorporacion.com\/us\/wp-json\/wp\/v2\/comments?post=62"}],"version-history":[{"count":71,"href":"http:\/\/gscorporacion.com\/us\/wp-json\/wp\/v2\/pages\/62\/revisions"}],"predecessor-version":[{"id":3226,"href":"http:\/\/gscorporacion.com\/us\/wp-json\/wp\/v2\/pages\/62\/revisions\/3226"}],"wp:attachment":[{"href":"http:\/\/gscorporacion.com\/us\/wp-json\/wp\/v2\/media?parent=62"}],"curies":[{"name":"wp","href":"https:\/\/api.w.org\/{rel}","templated":true}]}}