{"id":3296,"date":"2021-10-06T00:30:49","date_gmt":"2021-10-06T00:30:49","guid":{"rendered":"http:\/\/gscorporacion.com\/us\/?page_id=3296"},"modified":"2021-10-06T20:31:17","modified_gmt":"2021-10-06T20:31:17","slug":"fuel-transportation","status":"publish","type":"page","link":"http:\/\/gscorporacion.com\/us\/servicios\/transporte\/fuel-transportation\/","title":{"rendered":"Fuel Transportation"},"content":{"rendered":"<div class=\"bt_rc_container\"><section id=\"bt_section69f5fbe48808a\" data-parallax=\"0.1\" data-parallax-offset=\"0\" class=\"boldSection topExtraSpaced bottomExtraSmallSpaced btDarkSkin gutter btMiddleVertical btParallax wBackground cover\" style=\"background-image:url('http:\/\/gscorporacion.com\/us\/wp-content\/uploads\/2020\/09\/bnr-transporte.jpg');\"><div class=\"port\"><div class=\"boldCell\"><div class=\"boldCellInner\"><div class=\"boldRow \" ><div class=\"rowItem col-md-12 col-ms-12  btTextLeft animate animate-fadein animate-moveleft inherit\"  ><div class=\"rowItemContent\"><header class=\"header btClear extralarge btDash bottomDash  btAccentDash btRegularTitle\" style=\"max-width: 800px;\"><div class=\"dash\"><h1><span class=\"headline\">Fuel Transportation<\/span><\/h1><\/div><\/header><\/div><\/div><\/div><\/div><\/div><\/div><\/section><section id=\"bt_section69f5fbe4882d8\"  class=\"boldSection topSpaced bottomSpaced gutter inherit\" ><div class=\"port\"><div class=\"boldCell\"><div class=\"boldCellInner\"><div class=\"boldRow \" ><div class=\"rowItem col-md-9 col-ms-12  btTextLeft\"  ><div class=\"rowItemContent\"><div class=\"bpgPhoto btTextCenter\" ><div class=\"btImage\"><img src=\"http:\/\/gscorporacion.com\/us\/wp-content\/uploads\/2020\/09\/transporte-de-combustible.png\" alt=\"transporte-de-combustible.png\"><\/div><\/div><div class=\"btClear btSeparator topSmallSpaced noBorder\" ><hr><\/div><div class=\"btText\"><p>We have experience in the\u00a0<strong>transportation of refined products<\/strong>\u00a0derived from the oil industry (we have full 60,000-liter tank trucks):<\/p>\n<\/div><div class=\"btClear btSeparator topSmallSpaced noBorder\" ><hr><\/div><div class=\"btText\"><ul>\n<li>Oils<\/li>\n<li>Diesel<\/li>\n<li>Gasoline<\/li>\n<\/ul>\n<p>Our pipes are prepared with all the security measures and we have units of different dimensions to adapt to your needs.<\/p>\n<\/div><div class=\"btClear btSeparator topSemiSpaced noBorder\" ><hr><\/div><div class=\"btText\"><h5 style=\"color: #00b63e;\"><strong>We have the certifications and permits required for the transportation of fuel<\/strong><\/h5>\n<\/div><div class=\"btClear btSeparator topExtraSmallSpaced noBorder\" ><hr><\/div><div class=\"btText\"><p>Permit from the SCT (Secretar\u00eda de Comunicaciones y Transportes) for land transportation of hazardous materials and waste.<\/p>\n<\/div><div class=\"btClear btSeparator topExtraSmallSpaced noBorder\" ><hr><\/div><div class=\"bpgPhoto btTextCenter\" ><div class=\"btImage\"><img src=\"http:\/\/gscorporacion.com\/us\/wp-content\/uploads\/2021\/10\/logo-sct-2.jpg\" alt=\"\"><\/div><\/div><div class=\"btClear btSeparator topSmallSpaced noBorder\" ><hr><\/div><div class=\"btText\"><p>Permit from the Ministry of Energy (Comisi\u00f3n Reguladora de Energ\u00eda, CRE) for the transfer of fuels.<\/p>\n<\/div><div class=\"btClear btSeparator topExtraSmallSpaced noBorder\" ><hr><\/div><div class=\"bpgPhoto btTextCenter\" ><div class=\"btImage\"><img src=\"http:\/\/gscorporacion.com\/us\/wp-content\/uploads\/2021\/10\/logo-cre-2.jpg\" alt=\"\"><\/div><\/div><div class=\"btClear btSeparator topSemiSpaced noBorder\" ><hr><\/div><div class=\"btText\"><h5 style=\"color: #00b63e;\"><strong>This is why we are your best option in fuel transportation<\/strong><\/h5>\n<\/div><div class=\"btClear btSeparator topExtraSmallSpaced noBorder\" ><hr><\/div><div class=\"btText\"><ul>\n<li>We have equipment of high international safety standards, our tank truck units are DOT406.<\/li>\n<li>We have all the permits and certifications required for the handling of hydrocarbons.<\/li>\n<li>We offer you continuous satellite tracking for your merchandise and we have contingency protocols for any eventuality.<\/li>\n<li>Brindamos control autom\u00e1tico de medici\u00f3n de carga y cierre de v\u00e1lvulas.<\/li>\n<li>We serve the whole country.<\/li>\n<\/ul>\n<\/div><div class=\"btClear btSeparator topSmallSpaced noBorder\" ><hr><\/div><div class=\"btText\"><h5 style=\"color: #00b63e;\"><strong>We are experts in fuel transportation<\/strong><\/h5>\n<\/div><div class=\"btClear btSeparator topExtraSmallSpaced noBorder\" ><hr><\/div><div class=\"btText\"><ul>\n<li><strong>Oil derivatives transportation.<\/strong> Lubricant oils.<\/li>\n<li><strong>Hydrocarbon Transportation.<\/strong> Fuels, gasoline and diesel.<\/li>\n<li><strong>Dangerous materials.<\/strong> Tell us what you need to transport and we will assist you.<\/li>\n<\/ul>\n<\/div><\/div><\/div><div class=\"rowItem col-md-3 col-sm-6 col-ms-12 btTextLeft inherit btDoublePadding custom_item_hidden_mobile\"  ><div class=\"rowItemContent\"><header class=\"header btClear small  btAccentDash btRegularTitle\" ><div class=\"dash\"><h4><span class=\"headline\">MORE SERVICES<\/span><\/h4><\/div><\/header><div class=\"btCustomMenu \" ><div class=\"menu-services-menu-container\"><ul id=\"menu-services-menu\" class=\"menu\"><li id=\"menu-item-1150\" class=\"menu-item menu-item-type-post_type menu-item-object-page menu-item-1150\"><a title=\"\t\t\t\t\t\t\" href=\"http:\/\/gscorporacion.com\/us\/servicios\/logistica\/\">Logistics<\/a><\/li><li id=\"menu-item-1151\" class=\"menu-item menu-item-type-post_type menu-item-object-page menu-item-1151\"><a title=\"\t\t\t\t\t\t\" href=\"http:\/\/gscorporacion.com\/us\/servicios\/agencia-aduanal\/\">Customs Broker<\/a><\/li><li id=\"menu-item-2137\" class=\"menu-item menu-item-type-post_type menu-item-object-page menu-item-2137\"><a href=\"http:\/\/gscorporacion.com\/us\/servicios\/transporte\/\">Transportation<\/a><\/li><li id=\"menu-item-1149\" class=\"menu-item menu-item-type-post_type menu-item-object-page menu-item-1149\"><a title=\"\t\t\t\t\t\t\" href=\"http:\/\/gscorporacion.com\/us\/servicios\/almacenaje\/\">Storage<\/a><\/li><li id=\"menu-item-2127\" class=\"menu-item menu-item-type-post_type menu-item-object-page menu-item-2127\"><a href=\"http:\/\/gscorporacion.com\/us\/servicios\/comercializadora\/\">Commerce<\/a><\/li><li id=\"menu-item-1152\" class=\"menu-item menu-item-type-post_type menu-item-object-page menu-item-1152\"><a title=\"\t\t\t\t\t\t\" href=\"http:\/\/gscorporacion.com\/us\/servicios\/mensajeria-y-paqueteria\/\">Shipping and Packaging<\/a><\/li><li id=\"menu-item-2141\" class=\"menu-item menu-item-type-post_type menu-item-object-page menu-item-2141\"><a href=\"http:\/\/gscorporacion.com\/us\/servicios\/po-box-y-direccion-en-ee-uu\/\">P.O. Box in the US<\/a><\/li>\n<\/ul><\/div><\/div><div class=\"btClear btSeparator topSemiSpaced noBorder semarketing_item_hidden\" ><hr><\/div><header class=\"header btClear small semarketing_item_hidden btAccentDash btRegularTitle\" ><p class=\"btSuperTitle\">Descarga la<\/p><div class=\"dash\"><h4><span class=\"headline\">FICHA DEL SERVICIO<\/span><\/h4><\/div><\/header><div class=\"btBtn btBtn btnOutline btnIconLeftPosition btnLightColor btnSmall btnFull semarketing_item_hidden btnIco\" ><div class=\"btIco borderless extrasmall\"><a href=\"#\"  target=\"_blank\"  data-ico-fa=\"&#xf1c1;\" class=\"btIcoHolder\"><span>Service Brochure<\/span><\/a><\/div><\/div><div class=\"btClear btSeparator topSpaced noBorder\" ><hr><\/div><header class=\"header btClear small  btAccentDash btRegularTitle\" ><div class=\"dash\"><h4><span class=\"headline\">CONTACT US<\/span><\/h4><\/div><\/header><div class=\"btIconImageRow\" ><div class=\"btIco borderless extrasmall\"><a href=\"tel:+528999211917\"  target=\"_self\"  data-ico-fa=\"&#xf098;\" class=\"btIcoHolder\"><span>Phone:<\/span><\/a><\/div><\/div><div class=\"btText\"><h4><strong><a class=\"btIcoHolder\" style=\"color: #0b60a9;\" href=\"tel:+528999211917\" target=\"_self\" rel=\"noopener noreferrer\">(899)921.1917<\/a><\/strong><\/h4>\n<\/div><div class=\"btIconImageRow\" ><div class=\"btIco borderless extrasmall\"><a href=\"mailto:%20contacto@gscorporacion.com\"  target=\"no_target\"  data-ico-fa=\"&#xf0e0;\" class=\"btIcoHolder\"><span>Email: contacto@gscorporacion.com<\/span><\/a><\/div><\/div><\/div><\/div><\/div><div class=\"boldRow \" ><div class=\"rowItem col-md-12 col-ms-12  btTextCenter btMiddleVertical\"  ><div class=\"rowItemContent\"><div class=\"btClear btSeparator topSmallSpaced noBorder\" ><hr><\/div><\/div><\/div><\/div><div class=\"boldRow \" ><div class=\"rowItem col-md-9 col-ms-12  btTextLeft animate animate-fadein animate-moveup btMiddleVertical btDoublePadding\" style=\"background-color: rgba(237, 244, 247, 1);\" ><div class=\"rowItemContent\"><div class=\"btClear btSeparator topSmallSpaced noBorder\" ><hr><\/div><div class=\"btText\"><h5 style=\"color: #00b63e; text-align: left;\"><a href=\"https:\/\/www.gsautotransportes.com\/\" target=\"_blank\" rel=\"noopener noreferrer\"><img loading=\"lazy\" class=\"alignright wp-image-3080\" style=\"padding-bottom: 20px;\" src=\"http:\/\/gscorporacion.com\/us\/wp-content\/uploads\/2020\/09\/logo.png\" alt=\"\" width=\"320\" height=\"179\" \/><\/a><a href=\"https:\/\/www.gsautotransportes.com\/\" target=\"_blank\" rel=\"noopener noreferrer\"><span style=\"font-weight: normal;\">Visit our site<\/span> www.gsautotransportes.com <span style=\"font-weight: normal;\"> and see our complete range of motor carriers.<\/span><\/a><\/h5>\n<\/div><div class=\"btClear btSeparator topExtraSmallSpaced noBorder\" ><hr><\/div><div class=\"btBtn btBtn btnFilled btnIconLeftPosition btnAccentColor btnBig btnNormal\" ><a href=\"https:\/\/www.gsautotransportes.com\/\" target=\"_blank\" >Click here for more info<\/a><\/div><div class=\"btClear btSeparator topSmallSpaced noBorder\" ><hr><\/div><\/div><\/div><div class=\"rowItem col-md-3 col-sm-6 col-ms-12 btTextLeft\"  ><div class=\"rowItemContent\"><\/div><\/div><\/div><\/div><\/div><\/div><\/section><section id=\"bt_section69f5fbe48a895\"  class=\"boldSection btDarkSkin gutter inherit\" style=\"background-color:#00b63e;\"><div class=\"port\"><div class=\"boldCell\"><div class=\"boldCellInner\"><div class=\"boldRow \" ><div class=\"rowItem col-md-12 col-ms-12  btTextLeft\"  ><div class=\"rowItemContent\"><div class=\"btClear btSeparator topSmallSpaced bottomSmallSpaced noBorder\" ><hr><\/div><\/div><\/div><\/div><div class=\"boldRow \" ><div class=\"rowItem col-sm-6 col-ms-12 btTextCenter animate animate-fadein animate-moveright btMiddleVertical\"  ><div class=\"rowItemContent\"><header class=\"header btClear medium  btAccentDash btRegularTitle\" ><p class=\"btSuperTitle\">Do you want more information about our services?<\/p><div class=\"dash\"><h3><span class=\"headline\">Send us a WhatsApp message<\/span><\/h3><\/div><\/header><\/div><\/div><div class=\"rowItem col-sm-6 col-ms-12 btTextCenter animate animate-fadein animate-moveleft btMiddleVertical\"  ><div class=\"rowItemContent\"><div class=\"btBtn btBtn btnFilled btnIconLeftPosition btnLightColor btnBig btnNormal custom_btn_wa btnIco\" ><div class=\"btIco borderless extrasmall\"><a href=\"https:\/\/api.whatsapp.com\/send?phone=528994708950&amp;text=Me%20gustar\u00eda%20recibir%20m\u00e1s%20informaci\u00f3n\"  target=\"_blank\"  data-ico-fa=\"&#xf232;\" class=\"btIcoHolder\"><span>(899) 470.8950<\/span><\/a><\/div><\/div><\/div><\/div><\/div><div class=\"boldRow \" ><div class=\"rowItem col-md-12 col-ms-12  btTextLeft\"  ><div class=\"rowItemContent\"><div class=\"btClear btSeparator topSmallSpaced bottomSmallSpaced noBorder\" ><hr><\/div><\/div><\/div><\/div><\/div><\/div><\/div><\/section><\/div>","protected":false},"excerpt":{"rendered":"","protected":false},"author":1,"featured_media":0,"parent":2133,"menu_order":0,"comment_status":"closed","ping_status":"closed","template":"","meta":[],"_links":{"self":[{"href":"http:\/\/gscorporacion.com\/us\/wp-json\/wp\/v2\/pages\/3296"}],"collection":[{"href":"http:\/\/gscorporacion.com\/us\/wp-json\/wp\/v2\/pages"}],"about":[{"href":"http:\/\/gscorporacion.com\/us\/wp-json\/wp\/v2\/types\/page"}],"author":[{"embeddable":true,"href":"http:\/\/gscorporacion.com\/us\/wp-json\/wp\/v2\/users\/1"}],"replies":[{"embeddable":true,"href":"http:\/\/gscorporacion.com\/us\/wp-json\/wp\/v2\/comments?post=3296"}],"version-history":[{"count":9,"href":"http:\/\/gscorporacion.com\/us\/wp-json\/wp\/v2\/pages\/3296\/revisions"}],"predecessor-version":[{"id":3324,"href":"http:\/\/gscorporacion.com\/us\/wp-json\/wp\/v2\/pages\/3296\/revisions\/3324"}],"up":[{"embeddable":true,"href":"http:\/\/gscorporacion.com\/us\/wp-json\/wp\/v2\/pages\/2133"}],"wp:attachment":[{"href":"http:\/\/gscorporacion.com\/us\/wp-json\/wp\/v2\/media?parent=3296"}],"curies":[{"name":"wp","href":"https:\/\/api.w.org\/{rel}","templated":true}]}}