{"id":3287,"date":"2021-10-06T00:13:42","date_gmt":"2021-10-06T00:13:42","guid":{"rendered":"http:\/\/gscorporacion.com\/us\/?page_id=3287"},"modified":"2021-10-06T20:17:06","modified_gmt":"2021-10-06T20:17:06","slug":"dangerous-load","status":"publish","type":"page","link":"http:\/\/gscorporacion.com\/us\/servicios\/transporte\/dangerous-load\/","title":{"rendered":"Dangerous Load"},"content":{"rendered":"<div class=\"bt_rc_container\"><section id=\"bt_section69f5fbe0e0810\" data-parallax=\"0.1\" data-parallax-offset=\"0\" class=\"boldSection topExtraSpaced bottomExtraSmallSpaced btDarkSkin gutter btMiddleVertical btParallax wBackground cover\" style=\"background-image:url('http:\/\/gscorporacion.com\/us\/wp-content\/uploads\/2020\/09\/bnr-transporte.jpg');\"><div class=\"port\"><div class=\"boldCell\"><div class=\"boldCellInner\"><div class=\"boldRow \" ><div class=\"rowItem col-md-12 col-ms-12  btTextLeft animate animate-fadein animate-moveleft inherit\"  ><div class=\"rowItemContent\"><header class=\"header btClear extralarge btDash bottomDash  btAccentDash btRegularTitle\" style=\"max-width: 800px;\"><div class=\"dash\"><h1><span class=\"headline\">Dangerous Load<\/span><\/h1><\/div><\/header><\/div><\/div><\/div><\/div><\/div><\/div><\/section><section id=\"bt_section69f5fbe0e0a1d\"  class=\"boldSection topSpaced bottomSpaced gutter inherit\" ><div class=\"port\"><div class=\"boldCell\"><div class=\"boldCellInner\"><div class=\"boldRow \" ><div class=\"rowItem col-md-9 col-ms-12  btTextLeft\"  ><div class=\"rowItemContent\"><div class=\"bpgPhoto btTextCenter\" ><div class=\"btImage\"><img src=\"http:\/\/gscorporacion.com\/us\/wp-content\/uploads\/2020\/09\/carga-peligrosa.png\" alt=\"carga-peligrosa.png\"><\/div><\/div><div class=\"btClear btSeparator topSmallSpaced noBorder\" ><hr><\/div><div class=\"btText\"><p>We have the experience and knowledge in the <strong>transportation of all types of dangerous goods<\/strong>. We transport the <strong>cargo of hazardous material<\/strong> in pipes and dry boxes. We have isotacs and flexitanks.<\/p>\n<\/div><div class=\"btClear btSeparator topSemiSpaced noBorder\" ><hr><\/div><div class=\"btText\"><h5 style=\"color: #00b63e;\"><strong>We transport the following loads of hazardous material<\/strong><\/h5>\n<\/div><div class=\"btClear btSeparator topExtraSmallSpaced noBorder\" ><hr><\/div><div class=\"btText\"><ul>\n<li>Transportation of Flammable Solids, Toxic and Infectious Substances.<\/li>\n<li>Transportation of Flaming Fuels and Liquids.<\/li>\n<li>Transportation of organic oxides and peroxides.<\/li>\n<li>Transportation of Corrosive Substances.<\/li>\n<\/ul>\n<p>Your cargo is in good hands! When you ship chemicals or other dangerous goods via GS.<\/p>\n<\/div><div class=\"btClear btSeparator topSemiSpaced noBorder\" ><hr><\/div><div class=\"btText\"><h5 style=\"color: #00b63e;\"><strong>We have the permits that are required for the transportation and collection of hazardous materials and waste in all land routes in the country.<\/strong><\/h5>\n<\/div><div class=\"btClear btSeparator topExtraSmallSpaced noBorder\" ><hr><\/div><div class=\"btText\"><p>Permit from the SCT (Secretar\u00eda de Comunicaciones y Transportes) for the land transportation of hazardous materials and waste.<\/p>\n<\/div><div class=\"btClear btSeparator topExtraSmallSpaced noBorder\" ><hr><\/div><div class=\"bpgPhoto btTextCenter\" ><div class=\"btImage\"><img src=\"http:\/\/gscorporacion.com\/us\/wp-content\/uploads\/2021\/10\/logo-sct-2.jpg\" alt=\"\"><\/div><\/div><div class=\"btClear btSeparator topSmallSpaced noBorder\" ><hr><\/div><div class=\"btText\"><h5 style=\"color: #00b63e;\"><strong>Por esto somos tu mejor opci\u00f3n en carga peligrosa<\/strong><\/h5>\n<\/div><div class=\"btClear btSeparator topExtraSmallSpaced noBorder\" ><hr><\/div><div class=\"btText\"><ul>\n<li>We have the knowledge to handle risky merchandise.<\/li>\n<li>We have authorized operators to transport hazardous material.<\/li>\n<li>25 years of experience support us.<\/li>\n<li>For the safety of your cargo, we have the GS Tracking system with which you can monitor your cargo at all times.<\/li>\n<li>We offer you professional advice and direct treatment, we are not intermediaries.<\/li>\n<\/ul>\n<\/div><div class=\"btClear btSeparator topSmallSpaced noBorder\" ><hr><\/div><div class=\"btText\"><h5 style=\"color: #00b63e;\"><strong>We are experts in dangerous cargo transportation<\/strong><\/h5>\n<\/div><div class=\"btClear btSeparator topExtraSmallSpaced noBorder\" ><hr><\/div><div class=\"btText\"><ul>\n<li><strong>Flammable gases, non-flammable gases, toxic gases.<\/strong> Aerosols, helium, compressed oxygen.<\/li>\n<li><strong>Flammable liquids.<\/strong> Alcohols, paints, perfumes, lacquers, among others.<\/li>\n<li><strong>Acids and Corrosives.<\/strong> Mercury, detergents, sulfuric and hydrochloric acid, sodium and potassium hydroxide and hypochlorite and battery acid, among others.<\/li>\n<li><strong>Parts or spare parts with fuel vapors.<\/strong> Dry ice, lithium batteries, magnetized material, substances dangerous for the environment.<\/li>\n<\/ul>\n<\/div><\/div><\/div><div class=\"rowItem col-md-3 col-sm-6 col-ms-12 btTextLeft inherit btDoublePadding custom_item_hidden_mobile\"  ><div class=\"rowItemContent\"><header class=\"header btClear small  btAccentDash btRegularTitle\" ><div class=\"dash\"><h4><span class=\"headline\">MORE SERVICES<\/span><\/h4><\/div><\/header><div class=\"btCustomMenu \" ><div class=\"menu-services-menu-container\"><ul id=\"menu-services-menu\" class=\"menu\"><li id=\"menu-item-1150\" class=\"menu-item menu-item-type-post_type menu-item-object-page menu-item-1150\"><a title=\"\t\t\t\t\t\t\" href=\"http:\/\/gscorporacion.com\/us\/servicios\/logistica\/\">Logistics<\/a><\/li><li id=\"menu-item-1151\" class=\"menu-item menu-item-type-post_type menu-item-object-page menu-item-1151\"><a title=\"\t\t\t\t\t\t\" href=\"http:\/\/gscorporacion.com\/us\/servicios\/agencia-aduanal\/\">Customs Broker<\/a><\/li><li id=\"menu-item-2137\" class=\"menu-item menu-item-type-post_type menu-item-object-page menu-item-2137\"><a href=\"http:\/\/gscorporacion.com\/us\/servicios\/transporte\/\">Transportation<\/a><\/li><li id=\"menu-item-1149\" class=\"menu-item menu-item-type-post_type menu-item-object-page menu-item-1149\"><a title=\"\t\t\t\t\t\t\" href=\"http:\/\/gscorporacion.com\/us\/servicios\/almacenaje\/\">Storage<\/a><\/li><li id=\"menu-item-2127\" class=\"menu-item menu-item-type-post_type menu-item-object-page menu-item-2127\"><a href=\"http:\/\/gscorporacion.com\/us\/servicios\/comercializadora\/\">Commerce<\/a><\/li><li id=\"menu-item-1152\" class=\"menu-item menu-item-type-post_type menu-item-object-page menu-item-1152\"><a title=\"\t\t\t\t\t\t\" href=\"http:\/\/gscorporacion.com\/us\/servicios\/mensajeria-y-paqueteria\/\">Shipping and Packaging<\/a><\/li><li id=\"menu-item-2141\" class=\"menu-item menu-item-type-post_type menu-item-object-page menu-item-2141\"><a href=\"http:\/\/gscorporacion.com\/us\/servicios\/po-box-y-direccion-en-ee-uu\/\">P.O. Box in the US<\/a><\/li>\n<\/ul><\/div><\/div><div class=\"btClear btSeparator topSemiSpaced noBorder semarketing_item_hidden\" ><hr><\/div><header class=\"header btClear small semarketing_item_hidden btAccentDash btRegularTitle\" ><p class=\"btSuperTitle\">Descarga la<\/p><div class=\"dash\"><h4><span class=\"headline\">FICHA DEL SERVICIO<\/span><\/h4><\/div><\/header><div class=\"btBtn btBtn btnOutline btnIconLeftPosition btnLightColor btnSmall btnFull semarketing_item_hidden btnIco\" ><div class=\"btIco borderless extrasmall\"><a href=\"#\"  target=\"_blank\"  data-ico-fa=\"&#xf1c1;\" class=\"btIcoHolder\"><span>Service Brochure<\/span><\/a><\/div><\/div><div class=\"btClear btSeparator topSpaced noBorder\" ><hr><\/div><header class=\"header btClear small  btAccentDash btRegularTitle\" ><div class=\"dash\"><h4><span class=\"headline\">CONTACT US<\/span><\/h4><\/div><\/header><div class=\"btIconImageRow\" ><div class=\"btIco borderless extrasmall\"><a href=\"tel:+528999211917\"  target=\"_self\"  data-ico-fa=\"&#xf098;\" class=\"btIcoHolder\"><span>Phone:<\/span><\/a><\/div><\/div><div class=\"btText\"><h4><strong><a class=\"btIcoHolder\" style=\"color: #0b60a9;\" href=\"tel:+528999211917\" target=\"_self\" rel=\"noopener noreferrer\">(899)921.1917<\/a><\/strong><\/h4>\n<\/div><div class=\"btIconImageRow\" ><div class=\"btIco borderless extrasmall\"><a href=\"mailto:%20contacto@gscorporacion.com\"  target=\"no_target\"  data-ico-fa=\"&#xf0e0;\" class=\"btIcoHolder\"><span>Email: contacto@gscorporacion.com<\/span><\/a><\/div><\/div><\/div><\/div><\/div><div class=\"boldRow \" ><div class=\"rowItem col-md-12 col-ms-12  btTextCenter btMiddleVertical\"  ><div class=\"rowItemContent\"><div class=\"btClear btSeparator topSmallSpaced noBorder\" ><hr><\/div><\/div><\/div><\/div><div class=\"boldRow \" ><div class=\"rowItem col-md-9 col-ms-12  btTextLeft animate animate-fadein animate-moveup btMiddleVertical btDoublePadding\" style=\"background-color: rgba(237, 244, 247, 1);\" ><div class=\"rowItemContent\"><div class=\"btClear btSeparator topSmallSpaced noBorder\" ><hr><\/div><div class=\"btText\"><h5 style=\"color: #00b63e; text-align: left;\"><a href=\"https:\/\/www.gsautotransportes.com\/\" target=\"_blank\" rel=\"noopener noreferrer\"><img loading=\"lazy\" class=\"alignright wp-image-3080\" style=\"padding-bottom: 20px;\" src=\"http:\/\/gscorporacion.com\/us\/wp-content\/uploads\/2020\/09\/logo.png\" alt=\"\" width=\"320\" height=\"179\" \/><\/a><a href=\"https:\/\/www.gsautotransportes.com\/\" target=\"_blank\" rel=\"noopener noreferrer\"><span style=\"font-weight: normal;\">Visit our site<\/span> www.gsautotransportes.com <span style=\"font-weight: normal;\"> and see our complete range of motor carriers.<\/span><\/a><\/h5>\n<\/div><div class=\"btClear btSeparator topExtraSmallSpaced noBorder\" ><hr><\/div><div class=\"btBtn btBtn btnFilled btnIconLeftPosition btnAccentColor btnBig btnNormal\" ><a href=\"https:\/\/www.gsautotransportes.com\/\" target=\"_blank\" >Click here for more info<\/a><\/div><div class=\"btClear btSeparator topSmallSpaced noBorder\" ><hr><\/div><\/div><\/div><div class=\"rowItem col-md-3 col-sm-6 col-ms-12 btTextLeft\"  ><div class=\"rowItemContent\"><\/div><\/div><\/div><\/div><\/div><\/div><\/section><section id=\"bt_section69f5fbe0ed7ef\"  class=\"boldSection btDarkSkin gutter inherit\" style=\"background-color:#00b63e;\"><div class=\"port\"><div class=\"boldCell\"><div class=\"boldCellInner\"><div class=\"boldRow \" ><div class=\"rowItem col-md-12 col-ms-12  btTextLeft\"  ><div class=\"rowItemContent\"><div class=\"btClear btSeparator topSmallSpaced bottomSmallSpaced noBorder\" ><hr><\/div><\/div><\/div><\/div><div class=\"boldRow \" ><div class=\"rowItem col-sm-6 col-ms-12 btTextCenter animate animate-fadein animate-moveright btMiddleVertical\"  ><div class=\"rowItemContent\"><header class=\"header btClear medium  btAccentDash btRegularTitle\" ><p class=\"btSuperTitle\">Do you want more information about our services?<\/p><div class=\"dash\"><h3><span class=\"headline\">Send us a WhatsApp message<\/span><\/h3><\/div><\/header><\/div><\/div><div class=\"rowItem col-sm-6 col-ms-12 btTextCenter animate animate-fadein animate-moveleft btMiddleVertical\"  ><div class=\"rowItemContent\"><div class=\"btBtn btBtn btnFilled btnIconLeftPosition btnLightColor btnBig btnNormal custom_btn_wa btnIco\" ><div class=\"btIco borderless extrasmall\"><a href=\"https:\/\/api.whatsapp.com\/send?phone=528994708950&amp;text=Me%20gustar\u00eda%20recibir%20m\u00e1s%20informaci\u00f3n\"  target=\"_blank\"  data-ico-fa=\"&#xf232;\" class=\"btIcoHolder\"><span>(899) 470.8950<\/span><\/a><\/div><\/div><\/div><\/div><\/div><div class=\"boldRow \" ><div class=\"rowItem col-md-12 col-ms-12  btTextLeft\"  ><div class=\"rowItemContent\"><div class=\"btClear btSeparator topSmallSpaced bottomSmallSpaced noBorder\" ><hr><\/div><\/div><\/div><\/div><\/div><\/div><\/div><\/section><\/div>","protected":false},"excerpt":{"rendered":"","protected":false},"author":1,"featured_media":0,"parent":2133,"menu_order":0,"comment_status":"closed","ping_status":"closed","template":"","meta":[],"_links":{"self":[{"href":"http:\/\/gscorporacion.com\/us\/wp-json\/wp\/v2\/pages\/3287"}],"collection":[{"href":"http:\/\/gscorporacion.com\/us\/wp-json\/wp\/v2\/pages"}],"about":[{"href":"http:\/\/gscorporacion.com\/us\/wp-json\/wp\/v2\/types\/page"}],"author":[{"embeddable":true,"href":"http:\/\/gscorporacion.com\/us\/wp-json\/wp\/v2\/users\/1"}],"replies":[{"embeddable":true,"href":"http:\/\/gscorporacion.com\/us\/wp-json\/wp\/v2\/comments?post=3287"}],"version-history":[{"count":9,"href":"http:\/\/gscorporacion.com\/us\/wp-json\/wp\/v2\/pages\/3287\/revisions"}],"predecessor-version":[{"id":3319,"href":"http:\/\/gscorporacion.com\/us\/wp-json\/wp\/v2\/pages\/3287\/revisions\/3319"}],"up":[{"embeddable":true,"href":"http:\/\/gscorporacion.com\/us\/wp-json\/wp\/v2\/pages\/2133"}],"wp:attachment":[{"href":"http:\/\/gscorporacion.com\/us\/wp-json\/wp\/v2\/media?parent=3287"}],"curies":[{"name":"wp","href":"https:\/\/api.w.org\/{rel}","templated":true}]}}