{"id":3279,"date":"2021-10-05T23:49:45","date_gmt":"2021-10-05T23:49:45","guid":{"rendered":"http:\/\/gscorporacion.com\/us\/?page_id=3279"},"modified":"2021-10-06T19:56:43","modified_gmt":"2021-10-06T19:56:43","slug":"general-cargo","status":"publish","type":"page","link":"http:\/\/gscorporacion.com\/us\/servicios\/transporte\/general-cargo\/","title":{"rendered":"General Cargo"},"content":{"rendered":"<div class=\"bt_rc_container\"><section id=\"bt_section69f5fbe42f8b0\" data-parallax=\"0.1\" data-parallax-offset=\"0\" class=\"boldSection topExtraSpaced bottomExtraSmallSpaced btDarkSkin gutter btMiddleVertical btParallax wBackground cover\" style=\"background-image:url('http:\/\/gscorporacion.com\/us\/wp-content\/uploads\/2020\/09\/bnr-transporte.jpg');\"><div class=\"port\"><div class=\"boldCell\"><div class=\"boldCellInner\"><div class=\"boldRow \" ><div class=\"rowItem col-md-12 col-ms-12  btTextLeft animate animate-fadein animate-moveleft inherit\"  ><div class=\"rowItemContent\"><header class=\"header btClear extralarge btDash bottomDash  btAccentDash btRegularTitle\" style=\"max-width: 800px;\"><div class=\"dash\"><h1><span class=\"headline\">General Cargo<\/span><\/h1><\/div><\/header><\/div><\/div><\/div><\/div><\/div><\/div><\/section><section id=\"bt_section69f5fbe42faee\"  class=\"boldSection topSpaced bottomSpaced gutter inherit\" ><div class=\"port\"><div class=\"boldCell\"><div class=\"boldCellInner\"><div class=\"boldRow \" ><div class=\"rowItem col-md-9 col-ms-12  btTextLeft\"  ><div class=\"rowItemContent\"><div class=\"bpgPhoto btTextCenter\" ><div class=\"btImage\"><img src=\"http:\/\/gscorporacion.com\/us\/wp-content\/uploads\/2020\/09\/carga-general.png\" alt=\"carga-general.png\"><\/div><\/div><div class=\"btClear btSeparator topSmallSpaced noBorder\" ><hr><\/div><div class=\"btText\"><p>At GS we move your <strong>national and international cargo<\/strong> in dry boxes and containers, in full load and consolidated load modes.<\/p>\n<\/div><div class=\"btClear btSeparator topSemiSpaced noBorder\" ><hr><\/div><div class=\"btText\"><h5 style=\"color: #00b63e;\"><strong>We offer you the following units<\/strong><\/h5>\n<\/div><div class=\"btClear btSeparator topExtraSmallSpaced noBorder\" ><hr><\/div><div class=\"btText\"><ul>\n<li>Lowboy with a maximum capacity of 90 tons.<\/li>\n<li>Gen Set for reefer containers.<\/li>\n<li>Low beds of 53 feet.<\/li>\n<li>Container carrier with capacity for 20 and 40 feet.<\/li>\n<li>40 foot capacity platform.<\/li>\n<li>Dry Box with capacity of 40 and 48 feet.<\/li>\n<\/ul>\n<\/div><div class=\"btClear btSeparator topSmallSpaced noBorder\" ><hr><\/div><div class=\"btText\"><h5 style=\"color: #00b63e;\"><strong>This is why we are your best option in general cargo<\/strong><\/h5>\n<\/div><div class=\"btClear btSeparator topExtraSmallSpaced noBorder\" ><hr><\/div><div class=\"btText\"><ul>\n<li>We are not intermediaries, with us you will have direct dealings.<\/li>\n<li>We have more than 60 units to transport your loads.<\/li>\n<li>25 years of experience support us.<\/li>\n<li>As infrastructure, we offer you two patios and two warehouses.<\/li>\n<li>Monitor your cargo in real time with our GS Tracking system.<\/li>\n<li>We can operate throughout Mexico, we have a presence in the main customs of the country.<\/li>\n<\/ul>\n<\/div><div class=\"btClear btSeparator topSmallSpaced noBorder\" ><hr><\/div><div class=\"btText\"><h5 style=\"color: #00b63e;\"><strong>We serve a variety of industries<\/strong><\/h5>\n<\/div><div class=\"btClear btSeparator topExtraSmallSpaced noBorder\" ><hr><\/div><div class=\"btText\"><ul>\n<li><strong>General transportation.<\/strong> Cargo of the maquiladora industry, Electronics.<\/li>\n<li><strong>Heavy and oversized transport.<\/strong> Steel, materials, machinery and structures.<\/li>\n<li><strong>Automotive.<\/strong><\/li>\n<li><strong>Steel.<\/strong><\/li>\n<li><strong>Fertilizers.<\/strong><\/li>\n<li><strong>Steel Structures.<\/strong><\/li>\n<li><strong>Non-refrigerated Food.<\/strong><\/li>\n<\/ul>\n<p>Come to us and tell us about your General Cargo needs! We have a solution for each type of client.<\/p>\n<\/div><\/div><\/div><div class=\"rowItem col-md-3 col-sm-6 col-ms-12 btTextLeft inherit btDoublePadding custom_item_hidden_mobile\"  ><div class=\"rowItemContent\"><header class=\"header btClear small  btAccentDash btRegularTitle\" ><div class=\"dash\"><h4><span class=\"headline\">MORE SERVICES<\/span><\/h4><\/div><\/header><div class=\"btCustomMenu \" ><div class=\"menu-services-menu-container\"><ul id=\"menu-services-menu\" class=\"menu\"><li id=\"menu-item-1150\" class=\"menu-item menu-item-type-post_type menu-item-object-page menu-item-1150\"><a title=\"\t\t\t\t\t\t\" href=\"http:\/\/gscorporacion.com\/us\/servicios\/logistica\/\">Logistics<\/a><\/li><li id=\"menu-item-1151\" class=\"menu-item menu-item-type-post_type menu-item-object-page menu-item-1151\"><a title=\"\t\t\t\t\t\t\" href=\"http:\/\/gscorporacion.com\/us\/servicios\/agencia-aduanal\/\">Customs Broker<\/a><\/li><li id=\"menu-item-2137\" class=\"menu-item menu-item-type-post_type menu-item-object-page menu-item-2137\"><a href=\"http:\/\/gscorporacion.com\/us\/servicios\/transporte\/\">Transportation<\/a><\/li><li id=\"menu-item-1149\" class=\"menu-item menu-item-type-post_type menu-item-object-page menu-item-1149\"><a title=\"\t\t\t\t\t\t\" href=\"http:\/\/gscorporacion.com\/us\/servicios\/almacenaje\/\">Storage<\/a><\/li><li id=\"menu-item-2127\" class=\"menu-item menu-item-type-post_type menu-item-object-page menu-item-2127\"><a href=\"http:\/\/gscorporacion.com\/us\/servicios\/comercializadora\/\">Commerce<\/a><\/li><li id=\"menu-item-1152\" class=\"menu-item menu-item-type-post_type menu-item-object-page menu-item-1152\"><a title=\"\t\t\t\t\t\t\" href=\"http:\/\/gscorporacion.com\/us\/servicios\/mensajeria-y-paqueteria\/\">Shipping and Packaging<\/a><\/li><li id=\"menu-item-2141\" class=\"menu-item menu-item-type-post_type menu-item-object-page menu-item-2141\"><a href=\"http:\/\/gscorporacion.com\/us\/servicios\/po-box-y-direccion-en-ee-uu\/\">P.O. Box in the US<\/a><\/li>\n<\/ul><\/div><\/div><div class=\"btClear btSeparator topSemiSpaced noBorder semarketing_item_hidden\" ><hr><\/div><header class=\"header btClear small semarketing_item_hidden btAccentDash btRegularTitle\" ><p class=\"btSuperTitle\">Descarga la<\/p><div class=\"dash\"><h4><span class=\"headline\">FICHA DEL SERVICIO<\/span><\/h4><\/div><\/header><div class=\"btBtn btBtn btnOutline btnIconLeftPosition btnLightColor btnSmall btnFull semarketing_item_hidden btnIco\" ><div class=\"btIco borderless extrasmall\"><a href=\"#\"  target=\"_blank\"  data-ico-fa=\"&#xf1c1;\" class=\"btIcoHolder\"><span>Service Brochure<\/span><\/a><\/div><\/div><div class=\"btClear btSeparator topSpaced noBorder\" ><hr><\/div><header class=\"header btClear small  btAccentDash btRegularTitle\" ><div class=\"dash\"><h4><span class=\"headline\">CONTACT US<\/span><\/h4><\/div><\/header><div class=\"btIconImageRow\" ><div class=\"btIco borderless extrasmall\"><a href=\"tel:+528999211917\"  target=\"_self\"  data-ico-fa=\"&#xf098;\" class=\"btIcoHolder\"><span>Phone:<\/span><\/a><\/div><\/div><div class=\"btText\"><h4><strong><a class=\"btIcoHolder\" style=\"color: #0b60a9;\" href=\"tel:+528999211917\" target=\"_self\" rel=\"noopener noreferrer\">(899)921.1917<\/a><\/strong><\/h4>\n<\/div><div class=\"btIconImageRow\" ><div class=\"btIco borderless extrasmall\"><a href=\"mailto:%20contacto@gscorporacion.com\"  target=\"no_target\"  data-ico-fa=\"&#xf0e0;\" class=\"btIcoHolder\"><span>Email: contacto@gscorporacion.com<\/span><\/a><\/div><\/div><\/div><\/div><\/div><div class=\"boldRow \" ><div class=\"rowItem col-md-12 col-ms-12  btTextCenter btMiddleVertical\"  ><div class=\"rowItemContent\"><div class=\"btClear btSeparator topSmallSpaced noBorder\" ><hr><\/div><\/div><\/div><\/div><div class=\"boldRow \" ><div class=\"rowItem col-md-9 col-ms-12  btTextLeft animate animate-fadein animate-moveup btMiddleVertical btDoublePadding\" style=\"background-color: rgba(237, 244, 247, 1);\" ><div class=\"rowItemContent\"><div class=\"btClear btSeparator topSmallSpaced noBorder\" ><hr><\/div><div class=\"btText\"><h5 style=\"color: #00b63e; text-align: left;\"><a href=\"https:\/\/www.gsautotransportes.com\/\" target=\"_blank\" rel=\"noopener noreferrer\"><img loading=\"lazy\" class=\"alignright wp-image-3080\" style=\"padding-bottom: 20px;\" src=\"http:\/\/gscorporacion.com\/us\/wp-content\/uploads\/2020\/09\/logo.png\" alt=\"\" width=\"320\" height=\"179\" \/><\/a><a href=\"https:\/\/www.gsautotransportes.com\/\" target=\"_blank\" rel=\"noopener noreferrer\"><span style=\"font-weight: normal;\">Visit our site<\/span> www.gsautotransportes.com <span style=\"font-weight: normal;\"> and see our complete range of motor carriers.<\/span><\/a><\/h5>\n<\/div><div class=\"btClear btSeparator topExtraSmallSpaced noBorder\" ><hr><\/div><div class=\"btBtn btBtn btnFilled btnIconLeftPosition btnAccentColor btnBig btnNormal\" ><a href=\"https:\/\/www.gsautotransportes.com\/\" target=\"_blank\" >Click here for more info<\/a><\/div><div class=\"btClear btSeparator topSmallSpaced noBorder\" ><hr><\/div><\/div><\/div><div class=\"rowItem col-md-3 col-sm-6 col-ms-12 btTextLeft\"  ><div class=\"rowItemContent\"><\/div><\/div><\/div><\/div><\/div><\/div><\/section><section id=\"bt_section69f5fbe432140\"  class=\"boldSection btDarkSkin gutter inherit\" style=\"background-color:#00b63e;\"><div class=\"port\"><div class=\"boldCell\"><div class=\"boldCellInner\"><div class=\"boldRow \" ><div class=\"rowItem col-md-12 col-ms-12  btTextLeft\"  ><div class=\"rowItemContent\"><div class=\"btClear btSeparator topSmallSpaced bottomSmallSpaced noBorder\" ><hr><\/div><\/div><\/div><\/div><div class=\"boldRow \" ><div class=\"rowItem col-sm-6 col-ms-12 btTextCenter animate animate-fadein animate-moveright btMiddleVertical\"  ><div class=\"rowItemContent\"><header class=\"header btClear medium  btAccentDash btRegularTitle\" ><p class=\"btSuperTitle\">Do you want more information about our services?<\/p><div class=\"dash\"><h3><span class=\"headline\">Send us a WhatsApp message<\/span><\/h3><\/div><\/header><\/div><\/div><div class=\"rowItem col-sm-6 col-ms-12 btTextCenter animate animate-fadein animate-moveleft btMiddleVertical\"  ><div class=\"rowItemContent\"><div class=\"btBtn btBtn btnFilled btnIconLeftPosition btnLightColor btnBig btnNormal custom_btn_wa btnIco\" ><div class=\"btIco borderless extrasmall\"><a href=\"https:\/\/api.whatsapp.com\/send?phone=528994708950&amp;text=Me%20gustar\u00eda%20recibir%20m\u00e1s%20informaci\u00f3n\"  target=\"_blank\"  data-ico-fa=\"&#xf232;\" class=\"btIcoHolder\"><span>(899) 470.8950<\/span><\/a><\/div><\/div><\/div><\/div><\/div><div class=\"boldRow \" ><div class=\"rowItem col-md-12 col-ms-12  btTextLeft\"  ><div class=\"rowItemContent\"><div class=\"btClear btSeparator topSmallSpaced bottomSmallSpaced noBorder\" ><hr><\/div><\/div><\/div><\/div><\/div><\/div><\/div><\/section><\/div>","protected":false},"excerpt":{"rendered":"","protected":false},"author":1,"featured_media":0,"parent":2133,"menu_order":0,"comment_status":"closed","ping_status":"closed","template":"","meta":[],"_links":{"self":[{"href":"http:\/\/gscorporacion.com\/us\/wp-json\/wp\/v2\/pages\/3279"}],"collection":[{"href":"http:\/\/gscorporacion.com\/us\/wp-json\/wp\/v2\/pages"}],"about":[{"href":"http:\/\/gscorporacion.com\/us\/wp-json\/wp\/v2\/types\/page"}],"author":[{"embeddable":true,"href":"http:\/\/gscorporacion.com\/us\/wp-json\/wp\/v2\/users\/1"}],"replies":[{"embeddable":true,"href":"http:\/\/gscorporacion.com\/us\/wp-json\/wp\/v2\/comments?post=3279"}],"version-history":[{"count":8,"href":"http:\/\/gscorporacion.com\/us\/wp-json\/wp\/v2\/pages\/3279\/revisions"}],"predecessor-version":[{"id":3316,"href":"http:\/\/gscorporacion.com\/us\/wp-json\/wp\/v2\/pages\/3279\/revisions\/3316"}],"up":[{"embeddable":true,"href":"http:\/\/gscorporacion.com\/us\/wp-json\/wp\/v2\/pages\/2133"}],"wp:attachment":[{"href":"http:\/\/gscorporacion.com\/us\/wp-json\/wp\/v2\/media?parent=3279"}],"curies":[{"name":"wp","href":"https:\/\/api.w.org\/{rel}","templated":true}]}}