{"id":3045,"date":"2020-09-09T17:31:24","date_gmt":"2020-09-09T17:31:24","guid":{"rendered":"http:\/\/gscorporacion.com\/us\/newgscorp\/?page_id=3045"},"modified":"2020-10-22T00:20:54","modified_gmt":"2020-10-22T00:20:54","slug":"un-eslabon-importante-en-la-cadena-de-logistica-el-agente-aduanal","status":"publish","type":"page","link":"http:\/\/gscorporacion.com\/us\/blog\/un-eslabon-importante-en-la-cadena-de-logistica-el-agente-aduanal\/","title":{"rendered":"Un eslab\u00f3n importante en la cadena de log\u00edstica, el agente aduanal."},"content":{"rendered":"<div class=\"bt_rc_container\"><section id=\"bt_section69f5fb7a49789\" data-parallax=\"0.1\" data-parallax-offset=\"-50\" class=\"boldSection topExtraSpaced bottomExtraSmallSpaced btDarkSkin gutter btMiddleVertical btParallax wBackground cover\" style=\"background-image:url('http:\/\/gscorporacion.com\/us\/wp-content\/uploads\/2020\/09\/bnr-logistica.jpg');\"><div class=\"port\"><div class=\"boldCell\"><div class=\"boldCellInner\"><div class=\"boldRow \" ><div class=\"rowItem col-md-12 col-ms-12  btTextLeft animate animate-fadein animate-moveleft inherit\"  ><div class=\"rowItemContent\"><header class=\"header btClear extralarge btDash bottomDash  btAccentDash btRegularTitle\" style=\"max-width: 800px;\"><p class=\"btSuperTitle\">Un eslab\u00f3n importante en<\/p><div class=\"dash\"><h1><span class=\"headline\">la cadena de log\u00edstica, el agente aduanal.<\/span><\/h1><\/div><\/header><\/div><\/div><\/div><\/div><\/div><\/div><\/section><section id=\"bt_section69f5fb7a49aa7\"  class=\"boldSection topSpaced bottomSemiSpaced gutter inherit\" ><div class=\"port\"><div class=\"boldCell\"><div class=\"boldCellInner\"><div class=\"boldRow \" ><div class=\"rowItem col-md-12 col-ms-12  btTextLeft\"  ><div class=\"rowItemContent\"><div class=\"slided smallSliderHeight btSliderHideArrows\"  data-slick='{\"autoplay\":true,\"autoplaySpeed\":3000,\"pauseOnHover\":false,\"pauseOnDotsHover\":true}'><div class=\"slidedItem firstItem\"  data-thumb=\"http:\/\/gscorporacion.com\/us\/wp-content\/uploads\/2020\/10\/agentes-aduanales-320x80.jpg\"><div class=\"btSliderPort wBackground cover\" style=\"background-image: url('http:\/\/gscorporacion.com\/us\/wp-content\/uploads\/2020\/10\/agentes-aduanales.jpg')\"><div class=\"btSliderCell\" data-slick=\"yes\"><div class=\"btSlideGutter\"><div class=\"btSlidePane\"><\/div><\/div><\/div><\/div><\/div><\/div><div class=\"btClear btSeparator topSmallSpaced noBorder\" ><hr><\/div><div class=\"btText\"><p>\u00bfPero que son las aduanas?, Son oficinas publicas del estado, que se sit\u00faan en las fronteras, puertos o aeropuertos de cada pa\u00eds o regi\u00f3n, en donde se registra la mercanc\u00eda que se transporta entre pa\u00edses y se cobran los aranceles correspondientes.<\/p>\n<p>Entonces un agente aduanal es una pieza importante dentro de los procesos de importaci\u00f3n y exportaci\u00f3n ya que agiliza los procesos de mercanc\u00edas entre territorios.<\/p>\n<p>Entre las funciones principales del agente aduanal, es estar al d\u00eda con los cambios arancelarios, las normas y restricciones de cada regi\u00f3n o pa\u00eds; puesto que es el intermediario para llevar acabo los procesos legales de la mercanc\u00eda.<\/p>\n<p>Un asesor comercial involucrado en los procesos de aduanas en las que gestiona toda la documentaci\u00f3n necesaria de la mercanc\u00eda que se importa o exporta; para cumplir con las normativas y poder expedir los certificados de origen, efectuando la declaraci\u00f3n en aduana, y el pago de impuestos correspondientes a pagar.<\/p>\n<p>Por ultimo el agente aduanal no solo da el seguimiento desde el \u00e1mbito administrativo y legal de la importaci\u00f3n o exportaci\u00f3n, sino que tambi\u00e9n participa en la labor log\u00edstica que implica desde el aseguramiento, almacenaje y transportaci\u00f3n de la mercanc\u00eda, siendo un mediador completo entre importador y exportador.<\/p>\n<\/div><div class=\"btClear btSeparator topSpaced noBorder\" ><hr><\/div><\/div><\/div><\/div><\/div><\/div><\/div><\/section><\/div>","protected":false},"excerpt":{"rendered":"","protected":false},"author":1,"featured_media":0,"parent":940,"menu_order":0,"comment_status":"closed","ping_status":"closed","template":"","meta":[],"_links":{"self":[{"href":"http:\/\/gscorporacion.com\/us\/wp-json\/wp\/v2\/pages\/3045"}],"collection":[{"href":"http:\/\/gscorporacion.com\/us\/wp-json\/wp\/v2\/pages"}],"about":[{"href":"http:\/\/gscorporacion.com\/us\/wp-json\/wp\/v2\/types\/page"}],"author":[{"embeddable":true,"href":"http:\/\/gscorporacion.com\/us\/wp-json\/wp\/v2\/users\/1"}],"replies":[{"embeddable":true,"href":"http:\/\/gscorporacion.com\/us\/wp-json\/wp\/v2\/comments?post=3045"}],"version-history":[{"count":5,"href":"http:\/\/gscorporacion.com\/us\/wp-json\/wp\/v2\/pages\/3045\/revisions"}],"predecessor-version":[{"id":3204,"href":"http:\/\/gscorporacion.com\/us\/wp-json\/wp\/v2\/pages\/3045\/revisions\/3204"}],"up":[{"embeddable":true,"href":"http:\/\/gscorporacion.com\/us\/wp-json\/wp\/v2\/pages\/940"}],"wp:attachment":[{"href":"http:\/\/gscorporacion.com\/us\/wp-json\/wp\/v2\/media?parent=3045"}],"curies":[{"name":"wp","href":"https:\/\/api.w.org\/{rel}","templated":true}]}}