{"id":3035,"date":"2020-09-09T17:14:31","date_gmt":"2020-09-09T17:14:31","guid":{"rendered":"http:\/\/gscorporacion.com\/us\/newgscorp\/?page_id=3035"},"modified":"2020-10-22T00:18:07","modified_gmt":"2020-10-22T00:18:07","slug":"logistica-implementando-sistemas-digitales","status":"publish","type":"page","link":"http:\/\/gscorporacion.com\/us\/blog\/logistica-implementando-sistemas-digitales\/","title":{"rendered":"Log\u00edstica, implementando sistemas digitales"},"content":{"rendered":"<div class=\"bt_rc_container\"><section id=\"bt_section69f5fb79e8973\" data-parallax=\"0.1\" data-parallax-offset=\"-50\" class=\"boldSection topExtraSpaced bottomExtraSmallSpaced btDarkSkin gutter btMiddleVertical btParallax wBackground cover\" style=\"background-image:url('http:\/\/gscorporacion.com\/us\/wp-content\/uploads\/2020\/09\/bnr-logistica.jpg');\"><div class=\"port\"><div class=\"boldCell\"><div class=\"boldCellInner\"><div class=\"boldRow \" ><div class=\"rowItem col-md-12 col-ms-12  btTextLeft animate animate-fadein animate-moveleft inherit\"  ><div class=\"rowItemContent\"><header class=\"header btClear extralarge btDash bottomDash  btAccentDash btRegularTitle\" style=\"max-width: 800px;\"><p class=\"btSuperTitle\">Log\u00edstica<\/p><div class=\"dash\"><h1><span class=\"headline\">Implementando sistemas digitales<\/span><\/h1><\/div><\/header><\/div><\/div><\/div><\/div><\/div><\/div><\/section><section id=\"bt_section69f5fb79e8ccf\"  class=\"boldSection topSpaced bottomSemiSpaced gutter inherit\" ><div class=\"port\"><div class=\"boldCell\"><div class=\"boldCellInner\"><div class=\"boldRow \" ><div class=\"rowItem col-md-12 col-ms-12  btTextLeft\"  ><div class=\"rowItemContent\"><div class=\"slided smallSliderHeight btSliderHideArrows\"  data-slick='{\"autoplay\":true,\"autoplaySpeed\":3000,\"pauseOnHover\":false,\"pauseOnDotsHover\":true}'><div class=\"slidedItem firstItem\"  data-thumb=\"http:\/\/gscorporacion.com\/us\/wp-content\/uploads\/2020\/10\/logistics-apps-320x80.jpg\"><div class=\"btSliderPort wBackground cover\" style=\"background-image: url('http:\/\/gscorporacion.com\/us\/wp-content\/uploads\/2020\/10\/logistics-apps.jpg')\"><div class=\"btSliderCell\" data-slick=\"yes\"><div class=\"btSlideGutter\"><div class=\"btSlidePane\"><\/div><\/div><\/div><\/div><\/div><\/div><div class=\"btClear btSeparator topSmallSpaced noBorder\" ><hr><\/div><div class=\"btText\"><p>En los \u00faltimos a\u00f1os la digitalizaci\u00f3n y las nuevas tecnolog\u00edas se han apoderado de nuestra vida cotidiana, y se han hecho presente en diversos aspectos de la industria. En el sector de la log\u00edstica y distribuci\u00f3n ha llegado a impulsar su desarrollo para lograr satisfacer los deseos de los consumidores, automatizando los procesos en la mayor\u00eda de lo posible para evitar errores humanos y agilizar los tiempos.<\/p>\n<p>Esto ha hecho viable la participaci\u00f3n de los consumidores en el proceso, ya que ha dado lugar a diversas plataformas o aplicaciones digitales; En las cuales se puede visualizar y llevar una gesti\u00f3n en stocks de almacenes y seguimientos de log\u00edstica.<\/p>\n<p>En cuanto a la diversificaci\u00f3n de las plataformas o aplicaciones digitales, hoy en d\u00eda se han desarrollado para acceder a ellas, por medio de dispositivos m\u00f3viles; y son muy pr\u00e1cticas y f\u00e1ciles de usar. Con esta optimizaci\u00f3n la industria se adapta a las necesidades que surgen en cada cliente.<\/p>\n<p>El objetivo de estas herramientas es involucrar a los usuarios al monitoreo de su mercanc\u00eda desde su permanencia en los almacenes hasta su distribuci\u00f3n y entrega, en donde ellos pueden ver su estatus en tiempo real.<\/p>\n<p>Es importante destacar que gracias a la implementaci\u00f3n de estos sistemas se ha logrado una mayor funcionalidad en las empresas y como resultado los clientes quedan muy satisfechos.<\/p>\n<\/div><div class=\"btClear btSeparator topSpaced noBorder\" ><hr><\/div><\/div><\/div><\/div><\/div><\/div><\/div><\/section><\/div>","protected":false},"excerpt":{"rendered":"","protected":false},"author":1,"featured_media":0,"parent":940,"menu_order":0,"comment_status":"closed","ping_status":"closed","template":"","meta":[],"_links":{"self":[{"href":"http:\/\/gscorporacion.com\/us\/wp-json\/wp\/v2\/pages\/3035"}],"collection":[{"href":"http:\/\/gscorporacion.com\/us\/wp-json\/wp\/v2\/pages"}],"about":[{"href":"http:\/\/gscorporacion.com\/us\/wp-json\/wp\/v2\/types\/page"}],"author":[{"embeddable":true,"href":"http:\/\/gscorporacion.com\/us\/wp-json\/wp\/v2\/users\/1"}],"replies":[{"embeddable":true,"href":"http:\/\/gscorporacion.com\/us\/wp-json\/wp\/v2\/comments?post=3035"}],"version-history":[{"count":9,"href":"http:\/\/gscorporacion.com\/us\/wp-json\/wp\/v2\/pages\/3035\/revisions"}],"predecessor-version":[{"id":3200,"href":"http:\/\/gscorporacion.com\/us\/wp-json\/wp\/v2\/pages\/3035\/revisions\/3200"}],"up":[{"embeddable":true,"href":"http:\/\/gscorporacion.com\/us\/wp-json\/wp\/v2\/pages\/940"}],"wp:attachment":[{"href":"http:\/\/gscorporacion.com\/us\/wp-json\/wp\/v2\/media?parent=3035"}],"curies":[{"name":"wp","href":"https:\/\/api.w.org\/{rel}","templated":true}]}}