{"id":3018,"date":"2020-09-09T16:31:33","date_gmt":"2020-09-09T16:31:33","guid":{"rendered":"http:\/\/gscorporacion.com\/us\/newgscorp\/?page_id=3018"},"modified":"2020-10-21T23:45:11","modified_gmt":"2020-10-21T23:45:11","slug":"impacto-en-la-industria-logistica-en-tiempos-de-covid","status":"publish","type":"page","link":"http:\/\/gscorporacion.com\/us\/blog\/impacto-en-la-industria-logistica-en-tiempos-de-covid\/","title":{"rendered":"Impacto en la industria log\u00edstica en tiempos de COVID"},"content":{"rendered":"<div class=\"bt_rc_container\"><section id=\"bt_section69f5fb63de57b\" data-parallax=\"0.1\" data-parallax-offset=\"-50\" class=\"boldSection topExtraSpaced bottomExtraSmallSpaced btDarkSkin gutter btMiddleVertical btParallax wBackground cover\" style=\"background-image:url('http:\/\/gscorporacion.com\/us\/wp-content\/uploads\/2020\/09\/bnr-logistica.jpg');\"><div class=\"port\"><div class=\"boldCell\"><div class=\"boldCellInner\"><div class=\"boldRow \" ><div class=\"rowItem col-md-12 col-ms-12  btTextLeft animate animate-fadein animate-moveleft inherit\"  ><div class=\"rowItemContent\"><header class=\"header btClear extralarge btDash bottomDash  btAccentDash btRegularTitle\" style=\"max-width: 800px;\"><p class=\"btSuperTitle\">Impacto en la industria log\u00edstica<\/p><div class=\"dash\"><h1><span class=\"headline\">en tiempos de COVID<\/span><\/h1><\/div><\/header><\/div><\/div><\/div><\/div><\/div><\/div><\/section><section id=\"bt_section69f5fb63de894\"  class=\"boldSection topSpaced bottomSemiSpaced gutter inherit\" ><div class=\"port\"><div class=\"boldCell\"><div class=\"boldCellInner\"><div class=\"boldRow \" ><div class=\"rowItem col-md-12 col-ms-12  btTextLeft\"  ><div class=\"rowItemContent\"><div class=\"slided smallSliderHeight btSliderHideArrows\"  data-slick='{\"autoplay\":true,\"autoplaySpeed\":3000,\"pauseOnHover\":false,\"pauseOnDotsHover\":true}'><div class=\"slidedItem firstItem\"  data-thumb=\"http:\/\/gscorporacion.com\/us\/wp-content\/uploads\/2020\/10\/logistics-covid-320x80.jpg\"><div class=\"btSliderPort wBackground cover\" style=\"background-image: url('http:\/\/gscorporacion.com\/us\/wp-content\/uploads\/2020\/10\/logistics-covid.jpg')\"><div class=\"btSliderCell\" data-slick=\"yes\"><div class=\"btSlideGutter\"><div class=\"btSlidePane\"><\/div><\/div><\/div><\/div><\/div><\/div><div class=\"btClear btSeparator topSmallSpaced noBorder\" ><hr><\/div><div class=\"btText\"><p>Las empresas enfocadas a brindar servicios integrales de log\u00edstica y transporte han tenido que avanzar con pasos apresurados ante la contingencia. Un sector que, desde el punto de vista social, pasaba desapercibido, ha cobrado gran relevancia, por la importancia que tomo en la vida cotidiana.<\/p>\n<p>No es para menos ya que es un sector que fue golpeado muy fuertemente debido a la contingencia sanitaria, y es que, ante la incertidumbre de la propagaci\u00f3n del virus, se hizo una interrupci\u00f3n a gran escala internacional. Teniendo que avanzar con el aumento de controles fronterizos y regulaciones aduaneras; lo que dio lugar, a tiempos m\u00e1s largos de espera, la incapacidad de entregar pedidos de ultimo minuto, o bien la dificultad de entrega en lugares muy lejanos. Creando un desaf\u00edo para el sector log\u00edstico, el cual nunca pudo detenerse y en cambio tuvo que superar los retos que poco a poco se fueron presentando para poder cumplir con sus entregas.<\/p>\n<p>Un punto crucial que se tuvo que afrontar fue la incertidumbre de el riesgo que conllevaba hacia los trabajadores, los cuales estando en medio de esta pandemia tuvieron que seguir adelante, con el riesgo que implica. Adecuando internamente medidas de control para garantizar su salud.<\/p>\n<p>Si bien la situaci\u00f3n sanitaria conllevo un gran impacto a este sector industrial, no todo fue negativo, ya que las empresas se vieron obligadas a innovarse y adaptarse a nuevas herramientas digitales, para poder responder a las nuevas condiciones y poder mantener las operaciones comerciales. Las empresas tienen la oportunidad de renovar sus operaciones log\u00edsticas apoyados en modelos digitales para aumentar la efectividad operativa.<\/p>\n<p>Un cambio dr\u00e1stico en el sector log\u00edstico que impulsara a la industria a replantear sus modelos y reinventarse en la adopci\u00f3n de herramientas tecnol\u00f3gicas y digitales, para operar de manera mas efectiva.<\/p>\n<\/div><div class=\"btClear btSeparator topSpaced noBorder\" ><hr><\/div><\/div><\/div><\/div><\/div><\/div><\/div><\/section><\/div>","protected":false},"excerpt":{"rendered":"","protected":false},"author":1,"featured_media":0,"parent":940,"menu_order":0,"comment_status":"closed","ping_status":"closed","template":"","meta":[],"_links":{"self":[{"href":"http:\/\/gscorporacion.com\/us\/wp-json\/wp\/v2\/pages\/3018"}],"collection":[{"href":"http:\/\/gscorporacion.com\/us\/wp-json\/wp\/v2\/pages"}],"about":[{"href":"http:\/\/gscorporacion.com\/us\/wp-json\/wp\/v2\/types\/page"}],"author":[{"embeddable":true,"href":"http:\/\/gscorporacion.com\/us\/wp-json\/wp\/v2\/users\/1"}],"replies":[{"embeddable":true,"href":"http:\/\/gscorporacion.com\/us\/wp-json\/wp\/v2\/comments?post=3018"}],"version-history":[{"count":17,"href":"http:\/\/gscorporacion.com\/us\/wp-json\/wp\/v2\/pages\/3018\/revisions"}],"predecessor-version":[{"id":3195,"href":"http:\/\/gscorporacion.com\/us\/wp-json\/wp\/v2\/pages\/3018\/revisions\/3195"}],"up":[{"embeddable":true,"href":"http:\/\/gscorporacion.com\/us\/wp-json\/wp\/v2\/pages\/940"}],"wp:attachment":[{"href":"http:\/\/gscorporacion.com\/us\/wp-json\/wp\/v2\/media?parent=3018"}],"curies":[{"name":"wp","href":"https:\/\/api.w.org\/{rel}","templated":true}]}}