{"id":2124,"date":"2020-07-30T18:44:15","date_gmt":"2020-07-30T18:44:15","guid":{"rendered":"http:\/\/gscorporacion.com\/us\/newgscorp\/?page_id=2124"},"modified":"2020-11-18T22:58:53","modified_gmt":"2020-11-18T22:58:53","slug":"comercializadora","status":"publish","type":"page","link":"http:\/\/gscorporacion.com\/us\/servicios\/comercializadora\/","title":{"rendered":"Commerce"},"content":{"rendered":"<div class=\"bt_rc_container\"><section id=\"bt_section69f5e7819fcfb\" data-parallax=\"0.1\" data-parallax-offset=\"0\" class=\"boldSection topExtraSpaced bottomExtraSmallSpaced btDarkSkin gutter btMiddleVertical btParallax wBackground cover\" style=\"background-image:url('http:\/\/gscorporacion.com\/us\/wp-content\/uploads\/2020\/09\/bnr-comercializadora.jpg');\"><div class=\"port\"><div class=\"boldCell\"><div class=\"boldCellInner\"><div class=\"boldRow \" ><div class=\"rowItem col-md-12 col-ms-12  btTextLeft\"  ><div class=\"rowItemContent\"><header class=\"header btClear extralarge btDash bottomDash  btAccentDash btRegularTitle\" style=\"max-width: 800px;\"><div class=\"dash\"><h1><span class=\"headline\">Commerce<\/span><\/h1><\/div><\/header><\/div><\/div><\/div><\/div><\/div><\/div><\/section><section id=\"bt_section69f5e7819ff31\"  class=\"boldSection topSpaced bottomSpaced gutter inherit\" ><div class=\"port\"><div class=\"boldCell\"><div class=\"boldCellInner\"><div class=\"boldRow \" ><div class=\"rowItem col-md-9 col-ms-12  btTextLeft\"  ><div class=\"rowItemContent\"><div class=\"slided smallSliderHeight btSliderHideArrows\"  data-slick='{\"autoplay\":true,\"autoplaySpeed\":3000,\"pauseOnHover\":false,\"pauseOnDotsHover\":true}'><div class=\"slidedItem firstItem\"  data-thumb=\"http:\/\/gscorporacion.com\/us\/wp-content\/uploads\/2020\/09\/comercializadora-1-320x214.jpg\"><div class=\"btSliderPort wBackground cover\" style=\"background-image: url('http:\/\/gscorporacion.com\/us\/wp-content\/uploads\/2020\/09\/comercializadora-1.jpg')\"><div class=\"btSliderCell\" data-slick=\"yes\"><div class=\"btSlideGutter\"><div class=\"btSlidePane\"><\/div><\/div><\/div><\/div><\/div><div class=\"slidedItem firstItem\"  data-thumb=\"http:\/\/gscorporacion.com\/us\/wp-content\/uploads\/2020\/09\/comercializadora-2-320x214.jpg\"><div class=\"btSliderPort wBackground cover\" style=\"background-image: url('http:\/\/gscorporacion.com\/us\/wp-content\/uploads\/2020\/09\/comercializadora-2.jpg')\"><div class=\"btSliderCell\" data-slick=\"yes\"><div class=\"btSlideGutter\"><div class=\"btSlidePane\"><\/div><\/div><\/div><\/div><\/div><\/div><div class=\"btClear btSeparator topSmallSpaced noBorder\" ><hr><\/div><div class=\"btText\"><p>This service is offered to individuals or companies that have the need to import their merchandise, but do not have the necessary permits or registry of importers, thanks to our trading service the logistics service is provided, importing the merchandise efficiently.<\/p>\n<\/div><div class=\"btClear btSeparator topSmallSpaced noBorder\" ><hr><\/div><div class=\"btText\"><h5 style=\"color: #00b63e;\" align=\"center\">&#8220;Importing products through a marketer is a simple, fast and reliable option.\u201d<\/h5>\n<\/div><div class=\"btClear btSeparator topSmallSpaced noBorder\" ><hr><\/div><div class=\"btText\"><p>Ideal for ENTREPRENEURS, SMEs and companies of all sizes that wish to have the capacity and experience of an importer for their <strong>import<\/strong> and <strong>export<\/strong> operations.<\/p>\n<\/div><div class=\"btClear btSeparator topSemiSpaced noBorder\" ><hr><\/div><header class=\"header btClear small btDash bottomDash  btAccentDash btRegularTitle\" ><div class=\"dash\"><h4><span class=\"headline\">When is it convenient to use a commerce activities?<\/span><\/h4><\/div><\/header><div class=\"btText\"><p>Below we will tell you what is the most opportune moment to use the services of an importer to take care of the export or import process of your products:<\/p>\n<p>\u2022 If the importation of products is done occasionally.<br \/>\n\u2022 If your company is not duly registered in the General Register of Importers.<br \/>\n\u2022 When you don&#8217;t want to spend time and resources importing your goods.<\/p>\n<\/div><div class=\"btClear btSeparator topSemiSpaced noBorder\" ><hr><\/div><div class=\"btText\"><h5>GS Corporaci\u00f3n Aduanal is in charge of carrying out the import procedure of your products, managing all customs procedures.<\/h5>\n<\/div><div class=\"btClear btSeparator topSmallSpaced noBorder\" ><hr><\/div><div class=\"btText\"><p>Importing is a procedure that must be carried out carefully to avoid violating the legal statutes that regulate the entry of foreign products into the country, we offer you this service to guarantee its total legality and thus not put your merchandise at risk or receive fines.<\/p>\n<p>Having the support of an importer who knows the Mexican regulations, prevents your shipment from being confiscated for not complying with any of the certification requirements and customs procedures, as well as the possibility of receiving fines.<\/p>\n<\/div><div class=\"btClear btSeparator topSmallSpaced noBorder\" ><hr><\/div><div class=\"btText\"><h5 style=\"color: #00b63e;\" align=\"center\">You save time and money in additional costs!<\/h5>\n<\/div><div class=\"btClear btSeparator topSmallSpaced noBorder\" ><hr><\/div><div class=\"btText\"><p>In addition, thanks to our comprehensive service, we take care of the <strong>logistics<\/strong> and <strong>transportation<\/strong> to take your merchandise to your door or to the destination that you indicate.<\/p>\n<p>Contact us, at GS Corporaci\u00f3n Aduanal we offer you the services of a trading company with more than 25 years of experience in foreign trade and the ability to move loads of any size.<\/p>\n<\/div><\/div><\/div><div class=\"rowItem col-md-3 col-sm-6 col-ms-12 btTextLeft inherit btDoublePadding custom_item_hidden_mobile\"  ><div class=\"rowItemContent\"><header class=\"header btClear small  btAccentDash btRegularTitle\" ><div class=\"dash\"><h4><span class=\"headline\">MORE SERVICES<\/span><\/h4><\/div><\/header><div class=\"btCustomMenu \" ><div class=\"menu-services-menu-container\"><ul id=\"menu-services-menu\" class=\"menu\"><li id=\"menu-item-1150\" class=\"menu-item menu-item-type-post_type menu-item-object-page menu-item-1150\"><a title=\"\t\t\t\t\t\t\" href=\"http:\/\/gscorporacion.com\/us\/servicios\/logistica\/\">Logistics<\/a><\/li><li id=\"menu-item-1151\" class=\"menu-item menu-item-type-post_type menu-item-object-page menu-item-1151\"><a title=\"\t\t\t\t\t\t\" href=\"http:\/\/gscorporacion.com\/us\/servicios\/agencia-aduanal\/\">Customs Broker<\/a><\/li><li id=\"menu-item-2137\" class=\"menu-item menu-item-type-post_type menu-item-object-page menu-item-2137\"><a href=\"http:\/\/gscorporacion.com\/us\/servicios\/transporte\/\">Transportation<\/a><\/li><li id=\"menu-item-1149\" class=\"menu-item menu-item-type-post_type menu-item-object-page menu-item-1149\"><a title=\"\t\t\t\t\t\t\" href=\"http:\/\/gscorporacion.com\/us\/servicios\/almacenaje\/\">Storage<\/a><\/li><li id=\"menu-item-2127\" class=\"menu-item menu-item-type-post_type menu-item-object-page menu-item-2127\"><a href=\"http:\/\/gscorporacion.com\/us\/servicios\/comercializadora\/\">Commerce<\/a><\/li><li id=\"menu-item-1152\" class=\"menu-item menu-item-type-post_type menu-item-object-page menu-item-1152\"><a title=\"\t\t\t\t\t\t\" href=\"http:\/\/gscorporacion.com\/us\/servicios\/mensajeria-y-paqueteria\/\">Shipping and Packaging<\/a><\/li><li id=\"menu-item-2141\" class=\"menu-item menu-item-type-post_type menu-item-object-page menu-item-2141\"><a href=\"http:\/\/gscorporacion.com\/us\/servicios\/po-box-y-direccion-en-ee-uu\/\">P.O. Box in the US<\/a><\/li>\n<\/ul><\/div><\/div><div class=\"btClear btSeparator topSemiSpaced noBorder semarketing_item_hidden\" ><hr><\/div><header class=\"header btClear small semarketing_item_hidden btAccentDash btRegularTitle\" ><p class=\"btSuperTitle\">Descarga la<\/p><div class=\"dash\"><h4><span class=\"headline\">FICHA DEL SERVICIO<\/span><\/h4><\/div><\/header><div class=\"btBtn btBtn btnOutline btnIconLeftPosition btnLightColor btnSmall btnFull semarketing_item_hidden btnIco\" ><div class=\"btIco borderless extrasmall\"><a href=\"#\"  target=\"_blank\"  data-ico-fa=\"&#xf1c1;\" class=\"btIcoHolder\"><span>Service Brochure<\/span><\/a><\/div><\/div><div class=\"btClear btSeparator topSpaced noBorder\" ><hr><\/div><header class=\"header btClear small  btAccentDash btRegularTitle\" ><div class=\"dash\"><h4><span class=\"headline\">CONTACT US<\/span><\/h4><\/div><\/header><div class=\"btIconImageRow\" ><div class=\"btIco borderless extrasmall\"><a href=\"tel:+528999211917\"  target=\"_self\"  data-ico-fa=\"&#xf095;\" class=\"btIcoHolder\"><span>Phone:<\/span><\/a><\/div><\/div><div class=\"btText\"><h4><strong><a class=\"btIcoHolder\" style=\"color: #0b60a9;\" href=\"tel:+528999211917\" target=\"_self\" rel=\"noopener noreferrer\">(899)921.1917<\/a><\/strong><\/h4>\n<\/div><div class=\"btIconImageRow\" ><div class=\"btIco borderless extrasmall\"><a href=\"mailto:%20contacto@gscorporacion.com\"  target=\"no_target\"  data-ico-fa=\"&#xf0e0;\" class=\"btIcoHolder\"><span>Email: contacto@gscorporacion.com<\/span><\/a><\/div><\/div><\/div><\/div><\/div><\/div><\/div><\/div><\/section><section id=\"bt_section69f5e781a2137\"  class=\"boldSection btDarkSkin gutter inherit\" style=\"background-color:#00b63e;\"><div class=\"port\"><div class=\"boldCell\"><div class=\"boldCellInner\"><div class=\"boldRow \" ><div class=\"rowItem col-md-12 col-ms-12  btTextLeft\"  ><div class=\"rowItemContent\"><div class=\"btClear btSeparator topSmallSpaced bottomSmallSpaced noBorder\" ><hr><\/div><\/div><\/div><\/div><div class=\"boldRow \" ><div class=\"rowItem col-sm-6 col-ms-12 btTextCenter animate animate-fadein animate-moveright btMiddleVertical\"  ><div class=\"rowItemContent\"><header class=\"header btClear medium  btAccentDash btRegularTitle\" ><p class=\"btSuperTitle\">Do you want more information about our services?<\/p><div class=\"dash\"><h3><span class=\"headline\">Send us a WhatsApp message<\/span><\/h3><\/div><\/header><\/div><\/div><div class=\"rowItem col-sm-6 col-ms-12 btTextCenter animate animate-fadein animate-moveleft btMiddleVertical\"  ><div class=\"rowItemContent\"><div class=\"btBtn btBtn btnFilled btnIconLeftPosition btnLightColor btnBig btnNormal custom_btn_wa btnIco\" ><div class=\"btIco borderless extrasmall\"><a href=\"https:\/\/api.whatsapp.com\/send?phone=528994708950&amp;text=Me%20gustar\u00eda%20recibir%20m\u00e1s%20informaci\u00f3n\"  target=\"_blank\"  data-ico-fa=\"&#xf232;\" class=\"btIcoHolder\"><span>(899) 470.8950<\/span><\/a><\/div><\/div><\/div><\/div><\/div><div class=\"boldRow \" ><div class=\"rowItem col-md-12 col-ms-12  btTextLeft\"  ><div class=\"rowItemContent\"><div class=\"btClear btSeparator topSmallSpaced bottomSmallSpaced noBorder\" ><hr><\/div><\/div><\/div><\/div><\/div><\/div><\/div><\/section><\/div>","protected":false},"excerpt":{"rendered":"","protected":false},"author":1,"featured_media":0,"parent":56,"menu_order":0,"comment_status":"closed","ping_status":"closed","template":"","meta":[],"_links":{"self":[{"href":"http:\/\/gscorporacion.com\/us\/wp-json\/wp\/v2\/pages\/2124"}],"collection":[{"href":"http:\/\/gscorporacion.com\/us\/wp-json\/wp\/v2\/pages"}],"about":[{"href":"http:\/\/gscorporacion.com\/us\/wp-json\/wp\/v2\/types\/page"}],"author":[{"embeddable":true,"href":"http:\/\/gscorporacion.com\/us\/wp-json\/wp\/v2\/users\/1"}],"replies":[{"embeddable":true,"href":"http:\/\/gscorporacion.com\/us\/wp-json\/wp\/v2\/comments?post=2124"}],"version-history":[{"count":44,"href":"http:\/\/gscorporacion.com\/us\/wp-json\/wp\/v2\/pages\/2124\/revisions"}],"predecessor-version":[{"id":3231,"href":"http:\/\/gscorporacion.com\/us\/wp-json\/wp\/v2\/pages\/2124\/revisions\/3231"}],"up":[{"embeddable":true,"href":"http:\/\/gscorporacion.com\/us\/wp-json\/wp\/v2\/pages\/56"}],"wp:attachment":[{"href":"http:\/\/gscorporacion.com\/us\/wp-json\/wp\/v2\/media?parent=2124"}],"curies":[{"name":"wp","href":"https:\/\/api.w.org\/{rel}","templated":true}]}}